{"id":7,"date":"2025-03-09T14:11:24","date_gmt":"2025-03-09T14:11:24","guid":{"rendered":"http:\/\/aleksotas.lt\/aleksotas_site\/?page_id=7"},"modified":"2025-05-08T18:43:03","modified_gmt":"2025-05-08T18:43:03","slug":"pagrindinis","status":"publish","type":"page","link":"https:\/\/aleksotas.lt\/en\/","title":{"rendered":"Pagrindinis"},"content":{"rendered":"<div data-elementor-type=\"wp-page\" data-elementor-id=\"7\" class=\"elementor elementor-7\">\n\t\t\t\t<div class=\"elementor-element elementor-element-d54dd4b e-flex e-con-boxed e-con e-parent\" data-id=\"d54dd4b\" data-element_type=\"container\" data-settings=\"{&quot;background_background&quot;:&quot;gradient&quot;}\">\n\t\t\t\t\t<div class=\"e-con-inner\">\n\t\t<div class=\"elementor-element elementor-element-9a87754 e-con-full e-flex e-con e-child\" data-id=\"9a87754\" data-element_type=\"container\">\n\t\t\t\t<div class=\"elementor-element elementor-element-a2dd3be elementor-widget elementor-widget-text-editor\" data-id=\"a2dd3be\" data-element_type=\"widget\" data-widget_type=\"text-editor.default\">\n\t\t\t\t<div class=\"elementor-widget-container\">\n\t\t\t\t\t\t\t\t\t<p>Aleksoto bendruomen\u0117s centras\u200b<\/p>\t\t\t\t\t\t\t\t<\/div>\n\t\t\t\t<\/div>\n\t\t\t\t<div class=\"elementor-element elementor-element-9f46c58 elementor-widget elementor-widget-text-editor\" data-id=\"9f46c58\" data-element_type=\"widget\" data-widget_type=\"text-editor.default\">\n\t\t\t\t<div class=\"elementor-widget-container\">\n\t\t\t\t\t\t\t\t\t<p>Ten, kur susiburia \u017emon\u0117s, kad u\u017emegzt\u0173 ilgalaikius ry\u0161ius ir praturtint\u0173 m\u016bs\u0173 kaimynyst\u0119.<\/p>\t\t\t\t\t\t\t\t<\/div>\n\t\t\t\t<\/div>\n\t\t\t\t<div class=\"elementor-element elementor-element-260807f popmake-575 elementor-widget elementor-widget-button\" data-id=\"260807f\" data-element_type=\"widget\" data-widget_type=\"button.default\">\n\t\t\t\t<div class=\"elementor-widget-container\">\n\t\t\t\t\t\t\t\t\t<div class=\"elementor-button-wrapper\">\n\t\t\t\t\t<a class=\"elementor-button elementor-button-link elementor-size-sm\" href=\"#\">\n\t\t\t\t\t\t<span class=\"elementor-button-content-wrapper\">\n\t\t\t\t\t\t<span class=\"elementor-button-icon\">\n\t\t\t\t<svg aria-hidden=\"true\" class=\"e-font-icon-svg e-fas-chevron-right\" viewbox=\"0 0 320 512\" xmlns=\"http:\/\/www.w3.org\/2000\/svg\"><path d=\"M285.476 272.971L91.132 467.314c-9.373 9.373-24.569 9.373-33.941 0l-22.667-22.667c-9.357-9.357-9.375-24.522-.04-33.901L188.505 256 34.484 101.255c-9.335-9.379-9.317-24.544.04-33.901l22.667-22.667c9.373-9.373 24.569-9.373 33.941 0L285.475 239.03c9.373 9.372 9.373 24.568.001 33.941z\"><\/path><\/svg>\t\t\t<\/span>\n\t\t\t\t\t\t\t\t\t<span class=\"elementor-button-text\">Tapkite m\u016bs\u0173 bendruomen\u0117s centro nariu<\/span>\n\t\t\t\t\t<\/span>\n\t\t\t\t\t<\/a>\n\t\t\t\t<\/div>\n\t\t\t\t\t\t\t\t<\/div>\n\t\t\t\t<\/div>\n\t\t\t\t<\/div>\n\t\t<div class=\"elementor-element elementor-element-2bdc2ac e-con-full e-flex e-con e-child\" data-id=\"2bdc2ac\" data-element_type=\"container\">\n\t\t\t\t<div class=\"elementor-element elementor-element-1561489 elementor-widget elementor-widget-shortcode\" data-id=\"1561489\" data-element_type=\"widget\" data-widget_type=\"shortcode.default\">\n\t\t\t\t<div class=\"elementor-widget-container\">\n\t\t\t\t\t\t\t<div class=\"elementor-shortcode\"><\/div>\n\t\t\t\t\t\t<\/div>\n\t\t\t\t<\/div>\n\t\t\t\t<\/div>\n\t\t\t\t\t<\/div>\n\t\t\t\t<\/div>\n\t\t<div class=\"elementor-element elementor-element-8214362 e-flex e-con-boxed e-con e-parent\" data-id=\"8214362\" data-element_type=\"container\">\n\t\t\t\t\t<div class=\"e-con-inner\">\n\t\t\t\t<div class=\"elementor-element elementor-element-ef24b07 elementor-hidden-mobile elementor-widget elementor-widget-spacer\" data-id=\"ef24b07\" data-element_type=\"widget\" data-widget_type=\"spacer.default\">\n\t\t\t\t<div class=\"elementor-widget-container\">\n\t\t\t\t\t\t\t<div class=\"elementor-spacer\">\n\t\t\t<div class=\"elementor-spacer-inner\"><\/div>\n\t\t<\/div>\n\t\t\t\t\t\t<\/div>\n\t\t\t\t<\/div>\n\t\t\t\t<div class=\"elementor-element elementor-element-8221a2e anwp-pg-widget-header-style--b anwp-pg-post-teaser__post-icon--size-16 elementor-pagination-position-outside elementor-widget elementor-widget-anwp-pg-classic-slider\" data-id=\"8221a2e\" data-element_type=\"widget\" data-widget_type=\"anwp-pg-classic-slider.default\">\n\t\t\t\t<div class=\"elementor-widget-container\">\n\t\t\t\t\t<div class=\"anwp-pg-wrap\">\n\n\t<div class=\"anwp-pg-widget-header d-flex align-items-center position-relative\">\n\t<h3 class=\"d-flex align-items-center flex-wrap anwp-pg-widget-header__title\"> Naujienos<\/h3>\t<div class=\"anwp-pg-widget-header__secondary-line\"><\/div>\n<\/div>\n\n\t<!-- Slider main container -->\n\t<div\n\t\tclass=\"anwp-pg-classic-slider anwp-pg-swiper-wrapper position-static swiper swiper-container anwp-pg-no-transform\"\n\t\tdata-pg-slides-per-view=\"3\"\n\t\tdata-pg-slides-per-view-mobile=\"1\"\n\t\tdata-pg-slides-per-view-tablet=\"2\"\n\t\tdata-pg-slides-per-group=\"1\"\n\t\tdata-pg-slides-per-group-mobile=\"1\"\n\t\tdata-pg-slides-per-group-tablet=\"1\"\n\t\tdata-pg-autoplay=\"yes\"\n\t\tdata-pg-autoplay-delay=\"5000\"\n\t\tdata-pg-space-between=\"20\"\n\t\tdata-pg-effect=\"slide\"\n\t\tdata-pg-show-read-more=\"\"\n\t\tdata-pg-enable-observer=\"no\"\n\t\tdata-pg-loop=\"no\"\n\t\tdir=\"ltr\"\n\t>\n\t\t<!-- Additional required wrapper -->\n\t\t<div class=\"swiper-wrapper\">\n\t\t\t<!-- Slides -->\n\t\t\t<div class=\"anwp-pg-post-teaser anwp-pg-post-teaser--inner-cover-link anwp-pg-post-teaser--layout-d d-flex flex-column swiper-slide\">\n\t<div class=\"anwp-pg-post-teaser__thumbnail position-relative\">\n\n\t\t\n\t\t\n\t\t\t\t\t<img loading=\"lazy\" class=\"anwp-pg-post-teaser__thumbnail-img d-block anwp-pg-height-180 anwp-object-cover m-0 w-100\"\n\t\t\t\talt=\"Aleksoto bendruomen\u0117s centro ataskaitinis susirinkimas\"\n\t\t\t\tsrc=\"https:\/\/aleksotas.lt\/wp-content\/uploads\/2026\/05\/000-300x173.jpg\"\/>\n\t\t\n\t\t<div class=\"anwp-pg-post-teaser__thumbnail-bg anwp-position-cover\"><\/div>\n\n\t\t<a class=\"anwp-position-cover anwp-link-without-effects\" href=\"https:\/\/aleksotas.lt\/en\/2026\/05\/08\/aleksoto-bendruomenes-centro-ataskaitinis-susirinkimas\/\" aria-hidden=\"true\" ><\/a>\n\t<\/div>\n\n\t<div class=\"anwp-pg-post-teaser__content flex-grow-1 pt-1 d-flex flex-column\">\n\n\t\t<div class=\"anwp-pg-post-teaser__title anwp-font-heading mt-2\">\n\t\t\t<a class=\"anwp-link-without-effects\" href=\"https:\/\/aleksotas.lt\/en\/2026\/05\/08\/aleksoto-bendruomenes-centro-ataskaitinis-susirinkimas\/\" aria-hidden=\"true\" >\n\t\t\t\tAleksoto bendruomen\u0117s centro ataskaitinis susirinkimas\t\t\t<\/a>\n\t\t<\/div>\n\n\t\t<div class=\"anwp-pg-post-teaser__bottom-meta d-flex flex-wrap\">\n\n\t\t\t\t\t\t\t<div class=\"anwp-pg-post-teaser__bottom-meta-item d-flex align-items-center mr-3\">\n\t\t\t\t\t<svg class=\"anwp-pg-icon anwp-pg-icon--s16 mr-1\">\n\t\t\t\t\t\t<use xlink:href=\"#icon-anwp-pg-calendar\"><\/use>\n\t\t\t\t\t<\/svg>\n\t\t\t\t\t<span class=\"posted-on m-0\"><span class=\"screen-reader-text\">Posted on<\/span><time class=\"anwp-pg-published\" datetime=\"2026-05-08T11:17:04+00:00\">May 8, 2026<\/time><time class=\"anwp-pg-updated\" datetime=\"2026-05-08T11:27:56+00:00\">May 8, 2026<\/time><\/span>\n\t\t\t\t<\/div>\n\t\t\t\t\n\t\t\t\t\t<\/div>\n\n\t\t\n\t\t\n\t<\/div>\n\n<\/div>\n<div class=\"anwp-pg-post-teaser anwp-pg-post-teaser--inner-cover-link anwp-pg-post-teaser--layout-d d-flex flex-column swiper-slide\">\n\t<div class=\"anwp-pg-post-teaser__thumbnail position-relative\">\n\n\t\t\n\t\t\n\t\t\t\t\t<img loading=\"lazy\" class=\"anwp-pg-post-teaser__thumbnail-img d-block anwp-pg-height-180 anwp-object-cover m-0 w-100\"\n\t\t\t\talt=\"Aleksoto bendruomen\u0117s centro &#8222;Svirb\u0117s&#8221; ansamblio \u0161ok\u0117jai Bistrampolio dvare\"\n\t\t\t\tsrc=\"https:\/\/aleksotas.lt\/wp-content\/uploads\/2026\/04\/Bistrampolis-300x175.jpg\"\/>\n\t\t\n\t\t<div class=\"anwp-pg-post-teaser__thumbnail-bg anwp-position-cover\"><\/div>\n\n\t\t<a class=\"anwp-position-cover anwp-link-without-effects\" href=\"https:\/\/aleksotas.lt\/en\/2026\/04\/29\/aleksoto-bendruomenes-centro-svirbes-ansamblio-sokejai-bistrampolio-dvare\/\" aria-hidden=\"true\" ><\/a>\n\t<\/div>\n\n\t<div class=\"anwp-pg-post-teaser__content flex-grow-1 pt-1 d-flex flex-column\">\n\n\t\t<div class=\"anwp-pg-post-teaser__title anwp-font-heading mt-2\">\n\t\t\t<a class=\"anwp-link-without-effects\" href=\"https:\/\/aleksotas.lt\/en\/2026\/04\/29\/aleksoto-bendruomenes-centro-svirbes-ansamblio-sokejai-bistrampolio-dvare\/\" aria-hidden=\"true\" >\n\t\t\t\tAleksoto bendruomen\u0117s centro &#8222;Svirb\u0117s&#8221; ansamblio \u0161ok\u0117jai Bistrampolio dvare\t\t\t<\/a>\n\t\t<\/div>\n\n\t\t<div class=\"anwp-pg-post-teaser__bottom-meta d-flex flex-wrap\">\n\n\t\t\t\t\t\t\t<div class=\"anwp-pg-post-teaser__bottom-meta-item d-flex align-items-center mr-3\">\n\t\t\t\t\t<svg class=\"anwp-pg-icon anwp-pg-icon--s16 mr-1\">\n\t\t\t\t\t\t<use xlink:href=\"#icon-anwp-pg-calendar\"><\/use>\n\t\t\t\t\t<\/svg>\n\t\t\t\t\t<span class=\"posted-on m-0\"><span class=\"screen-reader-text\">Posted on<\/span><time class=\"anwp-pg-published\" datetime=\"2026-04-29T16:59:47+00:00\">April 29, 2026<\/time><time class=\"anwp-pg-updated\" datetime=\"2026-04-29T17:08:32+00:00\">April 29, 2026<\/time><\/span>\n\t\t\t\t<\/div>\n\t\t\t\t\n\t\t\t\t\t<\/div>\n\n\t\t\n\t\t\n\t<\/div>\n\n<\/div>\n<div class=\"anwp-pg-post-teaser anwp-pg-post-teaser--inner-cover-link anwp-pg-post-teaser--layout-d d-flex flex-column swiper-slide\">\n\t<div class=\"anwp-pg-post-teaser__thumbnail position-relative\">\n\n\t\t\n\t\t\n\t\t\t\t\t<img loading=\"lazy\" class=\"anwp-pg-post-teaser__thumbnail-img d-block anwp-pg-height-180 anwp-object-cover m-0 w-100\"\n\t\t\t\talt=\"\u0160ven\u010diame Lietuvos nepriklausomyb\u0117s atk\u016brimo dien\u0105\"\n\t\t\t\tsrc=\"https:\/\/aleksotas.lt\/wp-content\/uploads\/2026\/03\/Virselis-300x164.jpg\"\/>\n\t\t\n\t\t<div class=\"anwp-pg-post-teaser__thumbnail-bg anwp-position-cover\"><\/div>\n\n\t\t<a class=\"anwp-position-cover anwp-link-without-effects\" href=\"https:\/\/aleksotas.lt\/en\/2026\/03\/13\/svenciame-lietuvos-nepriklausomybes-atkurimo-diena\/\" aria-hidden=\"true\" ><\/a>\n\t<\/div>\n\n\t<div class=\"anwp-pg-post-teaser__content flex-grow-1 pt-1 d-flex flex-column\">\n\n\t\t<div class=\"anwp-pg-post-teaser__title anwp-font-heading mt-2\">\n\t\t\t<a class=\"anwp-link-without-effects\" href=\"https:\/\/aleksotas.lt\/en\/2026\/03\/13\/svenciame-lietuvos-nepriklausomybes-atkurimo-diena\/\" aria-hidden=\"true\" >\n\t\t\t\t\u0160ven\u010diame Lietuvos nepriklausomyb\u0117s atk\u016brimo dien\u0105\t\t\t<\/a>\n\t\t<\/div>\n\n\t\t<div class=\"anwp-pg-post-teaser__bottom-meta d-flex flex-wrap\">\n\n\t\t\t\t\t\t\t<div class=\"anwp-pg-post-teaser__bottom-meta-item d-flex align-items-center mr-3\">\n\t\t\t\t\t<svg class=\"anwp-pg-icon anwp-pg-icon--s16 mr-1\">\n\t\t\t\t\t\t<use xlink:href=\"#icon-anwp-pg-calendar\"><\/use>\n\t\t\t\t\t<\/svg>\n\t\t\t\t\t<span class=\"posted-on m-0\"><span class=\"screen-reader-text\">Posted on<\/span><time class=\"anwp-pg-published\" datetime=\"2026-03-13T20:29:43+00:00\">March 13, 2026<\/time><time class=\"anwp-pg-updated\" datetime=\"2026-03-13T20:36:16+00:00\">March 13, 2026<\/time><\/span>\n\t\t\t\t<\/div>\n\t\t\t\t\n\t\t\t\t\t<\/div>\n\n\t\t\n\t\t\n\t<\/div>\n\n<\/div>\n<div class=\"anwp-pg-post-teaser anwp-pg-post-teaser--inner-cover-link anwp-pg-post-teaser--layout-d d-flex flex-column swiper-slide\">\n\t<div class=\"anwp-pg-post-teaser__thumbnail position-relative\">\n\n\t\t\n\t\t\n\t\t\t\t\t<img loading=\"lazy\" class=\"anwp-pg-post-teaser__thumbnail-img d-block anwp-pg-height-180 anwp-object-cover m-0 w-100\"\n\t\t\t\talt=\"Lietuvos nepriklausomyb\u0117s atk\u016brimo dienai skirtas renginys Aleksoto bendruomen\u0117s centre. Aleksoto seni\u016bnijos sal\u0117je klaus\u0117m\u0117s literat\u016brolog\u0117s Ramintos Antanaitien\u0117s pasakojimo apie \u017emones, kurie k\u016br\u0117 Lietuv\u0105 \u2013 viena j\u0173 \u2013 Sofija Kymantait\u0117-\u010ciurlionien\u0117\"\n\t\t\t\tsrc=\"https:\/\/aleksotas.lt\/wp-content\/uploads\/2026\/03\/648539312_1332601415566770_7210936030362416438_n-300x200.jpg\"\/>\n\t\t\n\t\t<div class=\"anwp-pg-post-teaser__thumbnail-bg anwp-position-cover\"><\/div>\n\n\t\t<a class=\"anwp-position-cover anwp-link-without-effects\" href=\"https:\/\/aleksotas.lt\/en\/2026\/03\/13\/lietuvos-nepriklausomybes-atkurimo-dienai-skirtas-renginys-aleksoto-bendruomenes-centre-aleksoto-seniunijos-saleje-klausemes-literaturologes-ramintos-antanaitienes-pasakojimo-apie-zmones-kurie-kure\/\" aria-hidden=\"true\" ><\/a>\n\t<\/div>\n\n\t<div class=\"anwp-pg-post-teaser__content flex-grow-1 pt-1 d-flex flex-column\">\n\n\t\t<div class=\"anwp-pg-post-teaser__title anwp-font-heading mt-2\">\n\t\t\t<a class=\"anwp-link-without-effects\" href=\"https:\/\/aleksotas.lt\/en\/2026\/03\/13\/lietuvos-nepriklausomybes-atkurimo-dienai-skirtas-renginys-aleksoto-bendruomenes-centre-aleksoto-seniunijos-saleje-klausemes-literaturologes-ramintos-antanaitienes-pasakojimo-apie-zmones-kurie-kure\/\" aria-hidden=\"true\" >\n\t\t\t\tLietuvos nepriklausomyb\u0117s atk\u016brimo dienai skirtas renginys Aleksoto bendruomen\u0117s centre. Aleksoto seni\u016bnijos sal\u0117je klaus\u0117m\u0117s literat\u016brolog\u0117s Ramintos Antanaitien\u0117s pasakojimo apie \u017emones, kurie k\u016br\u0117 Lietuv\u0105 \u2013 viena j\u0173 \u2013 Sofija Kymantait\u0117-\u010ciurlionien\u0117\t\t\t<\/a>\n\t\t<\/div>\n\n\t\t<div class=\"anwp-pg-post-teaser__bottom-meta d-flex flex-wrap\">\n\n\t\t\t\t\t\t\t<div class=\"anwp-pg-post-teaser__bottom-meta-item d-flex align-items-center mr-3\">\n\t\t\t\t\t<svg class=\"anwp-pg-icon anwp-pg-icon--s16 mr-1\">\n\t\t\t\t\t\t<use xlink:href=\"#icon-anwp-pg-calendar\"><\/use>\n\t\t\t\t\t<\/svg>\n\t\t\t\t\t<span class=\"posted-on m-0\"><span class=\"screen-reader-text\">Posted on<\/span><time class=\"anwp-pg-published\" datetime=\"2026-03-13T15:03:14+00:00\">March 13, 2026<\/time><time class=\"anwp-pg-updated\" datetime=\"2026-03-13T20:18:51+00:00\">March 13, 2026<\/time><\/span>\n\t\t\t\t<\/div>\n\t\t\t\t\n\t\t\t\t\t<\/div>\n\n\t\t\n\t\t\n\t<\/div>\n\n<\/div>\n<div class=\"anwp-pg-post-teaser anwp-pg-post-teaser--inner-cover-link anwp-pg-post-teaser--layout-d d-flex flex-column swiper-slide\">\n\t<div class=\"anwp-pg-post-teaser__thumbnail position-relative\">\n\n\t\t\n\t\t\n\t\t\t\t\t<img loading=\"lazy\" class=\"anwp-pg-post-teaser__thumbnail-img d-block anwp-pg-height-180 anwp-object-cover m-0 w-100\"\n\t\t\t\talt=\"Tauti\u0161ka giesm\u0117 nuo Kauno kalv\u0173\"\n\t\t\t\tsrc=\"https:\/\/aleksotas.lt\/wp-content\/uploads\/2026\/03\/Tautiska-giesme-300x180.jpg\"\/>\n\t\t\n\t\t<div class=\"anwp-pg-post-teaser__thumbnail-bg anwp-position-cover\"><\/div>\n\n\t\t<a class=\"anwp-position-cover anwp-link-without-effects\" href=\"https:\/\/aleksotas.lt\/en\/2026\/03\/13\/tautiska-giesme-nuo-kauno-kalvu\/\" aria-hidden=\"true\" ><\/a>\n\t<\/div>\n\n\t<div class=\"anwp-pg-post-teaser__content flex-grow-1 pt-1 d-flex flex-column\">\n\n\t\t<div class=\"anwp-pg-post-teaser__title anwp-font-heading mt-2\">\n\t\t\t<a class=\"anwp-link-without-effects\" href=\"https:\/\/aleksotas.lt\/en\/2026\/03\/13\/tautiska-giesme-nuo-kauno-kalvu\/\" aria-hidden=\"true\" >\n\t\t\t\tTauti\u0161ka giesm\u0117 nuo Kauno kalv\u0173\t\t\t<\/a>\n\t\t<\/div>\n\n\t\t<div class=\"anwp-pg-post-teaser__bottom-meta d-flex flex-wrap\">\n\n\t\t\t\t\t\t\t<div class=\"anwp-pg-post-teaser__bottom-meta-item d-flex align-items-center mr-3\">\n\t\t\t\t\t<svg class=\"anwp-pg-icon anwp-pg-icon--s16 mr-1\">\n\t\t\t\t\t\t<use xlink:href=\"#icon-anwp-pg-calendar\"><\/use>\n\t\t\t\t\t<\/svg>\n\t\t\t\t\t<span class=\"posted-on m-0\"><span class=\"screen-reader-text\">Posted on<\/span><time class=\"anwp-pg-published\" datetime=\"2026-03-13T11:03:10+00:00\">March 13, 2026<\/time><time class=\"anwp-pg-updated\" datetime=\"2026-03-13T11:09:02+00:00\">March 13, 2026<\/time><\/span>\n\t\t\t\t<\/div>\n\t\t\t\t\n\t\t\t\t\t<\/div>\n\n\t\t\n\t\t\n\t<\/div>\n\n<\/div>\n\t\t<\/div>\n\n\t\t\t\t\t\t\t\t\t<div class=\"swiper-pagination\"><\/div>\n\t\t\t\t\t\t\t\t\t<\/div>\n<\/div>\n\t\t\t\t<\/div>\n\t\t\t\t<\/div>\n\t\t\t\t\t<\/div>\n\t\t\t\t<\/div>\n\t\t\t\t<\/div>","protected":false},"excerpt":{"rendered":"<p>Aleksoto bendruomen\u0117s centras\u200b Ten, kur susiburia \u017emon\u0117s, kad u\u017emegzt\u0173 ilgalaikius ry\u0161ius ir praturtint\u0173 m\u016bs\u0173 kaimynyst\u0119. Tapkite m\u016bs\u0173 bendruomen\u0117s centro nariu Naujienos Aleksoto \u0161vent\u0117 &#8222;Bendruomeni\u0173 tiltai&#8221;\u00a0 Posted on10 kovo, 202510 kovo, 2025 Ma\u017eoji Aleksoto olimpiada Posted on10 kovo, 20258 baland\u017eio, 2025 Jau \u0161\u012f sekmadien\u012f! Posted on11 rugs\u0117jo, 20245 gegu\u017e\u0117s, 2025 Lank\u0117me Auk\u0161taitijos bendruomenes Posted on9 rugs\u0117jo,&#8230;<\/p>","protected":false},"author":1,"featured_media":0,"parent":0,"menu_order":0,"comment_status":"closed","ping_status":"closed","template":"","meta":{"_kad_post_transparent":"","_kad_post_title":"hide","_kad_post_layout":"fullwidth","_kad_post_sidebar_id":"","_kad_post_content_style":"unboxed","_kad_post_vertical_padding":"hide","_kad_post_feature":"hide","_kad_post_feature_position":"","_kad_post_header":false,"_kad_post_footer":false,"footnotes":""},"class_list":["post-7","page","type-page","status-publish","hentry"],"_links":{"self":[{"href":"https:\/\/aleksotas.lt\/en\/wp-json\/wp\/v2\/pages\/7","targetHints":{"allow":["GET"]}}],"collection":[{"href":"https:\/\/aleksotas.lt\/en\/wp-json\/wp\/v2\/pages"}],"about":[{"href":"https:\/\/aleksotas.lt\/en\/wp-json\/wp\/v2\/types\/page"}],"author":[{"embeddable":true,"href":"https:\/\/aleksotas.lt\/en\/wp-json\/wp\/v2\/users\/1"}],"replies":[{"embeddable":true,"href":"https:\/\/aleksotas.lt\/en\/wp-json\/wp\/v2\/comments?post=7"}],"version-history":[{"count":122,"href":"https:\/\/aleksotas.lt\/en\/wp-json\/wp\/v2\/pages\/7\/revisions"}],"predecessor-version":[{"id":934,"href":"https:\/\/aleksotas.lt\/en\/wp-json\/wp\/v2\/pages\/7\/revisions\/934"}],"wp:attachment":[{"href":"https:\/\/aleksotas.lt\/en\/wp-json\/wp\/v2\/media?parent=7"}],"curies":[{"name":"wp","href":"https:\/\/api.w.org\/{rel}","templated":true}]}}