{"id":542,"date":"2025-03-31T05:05:05","date_gmt":"2025-03-31T05:05:05","guid":{"rendered":"http:\/\/aleksotas.lt\/aleksotas_site\/?page_id=542"},"modified":"2025-04-08T10:49:01","modified_gmt":"2025-04-08T10:49:01","slug":"aleksoto-bendruomenes-centras","status":"publish","type":"page","link":"https:\/\/aleksotas.lt\/en\/aleksoto-bendruomenes-centras\/","title":{"rendered":"Aleksoto bendruomen\u0117s centras"},"content":{"rendered":"<div data-elementor-type=\"wp-page\" data-elementor-id=\"542\" class=\"elementor elementor-542\">\n\t\t\t\t<div class=\"elementor-element elementor-element-1d2f8365 e-flex e-con-boxed e-con e-parent\" data-id=\"1d2f8365\" data-element_type=\"container\" data-settings=\"{&quot;background_background&quot;:&quot;gradient&quot;}\">\n\t\t\t\t\t<div class=\"e-con-inner\">\n\t\t<div class=\"elementor-element elementor-element-77da0089 e-con-full e-flex e-con e-child\" data-id=\"77da0089\" data-element_type=\"container\">\n\t\t\t\t<div class=\"elementor-element elementor-element-79e45a26 elementor-widget elementor-widget-text-editor\" data-id=\"79e45a26\" data-element_type=\"widget\" data-widget_type=\"text-editor.default\">\n\t\t\t\t<div class=\"elementor-widget-container\">\n\t\t\t\t\t\t\t\t\t<p>Aleksoto bendruomen\u0117s centras\u200b<\/p>\t\t\t\t\t\t\t\t<\/div>\n\t\t\t\t<\/div>\n\t\t\t\t<div class=\"elementor-element elementor-element-124dd491 elementor-widget elementor-widget-text-editor\" data-id=\"124dd491\" data-element_type=\"widget\" data-widget_type=\"text-editor.default\">\n\t\t\t\t<div class=\"elementor-widget-container\">\n\t\t\t\t\t\t\t\t\t<p>Ten, kur susiburia \u017emon\u0117s, kad u\u017emegzt\u0173 ilgalaikius ry\u0161ius ir praturtint\u0173 m\u016bs\u0173 kaimynyst\u0119.<\/p>\t\t\t\t\t\t\t\t<\/div>\n\t\t\t\t<\/div>\n\t\t\t\t<\/div>\n\t\t<div class=\"elementor-element elementor-element-3fefc455 e-con-full e-flex e-con e-child\" data-id=\"3fefc455\" data-element_type=\"container\">\n\t\t\t\t<div class=\"elementor-element elementor-element-29d15666 elementor-widget elementor-widget-shortcode\" data-id=\"29d15666\" data-element_type=\"widget\" data-widget_type=\"shortcode.default\">\n\t\t\t\t<div class=\"elementor-widget-container\">\n\t\t\t\t\t\t\t<div class=\"elementor-shortcode\"><\/div>\n\t\t\t\t\t\t<\/div>\n\t\t\t\t<\/div>\n\t\t\t\t<\/div>\n\t\t\t\t\t<\/div>\n\t\t\t\t<\/div>\n\t\t<div class=\"elementor-element elementor-element-b47753c e-flex e-con-boxed e-con e-parent\" data-id=\"b47753c\" data-element_type=\"container\">\n\t\t\t\t\t<div class=\"e-con-inner\">\n\t\t\t\t<div class=\"elementor-element elementor-element-d688422 elementor-widget elementor-widget-text-editor\" data-id=\"d688422\" data-element_type=\"widget\" data-widget_type=\"text-editor.default\">\n\t\t\t\t<div class=\"elementor-widget-container\">\n\t\t\t\t\t\t\t\t\t<p>Aleksoti\u0161ki\u0173 Liukrecijos Navickien\u0117s, Zenono \u0160alnos ir Aurelijos Barei\u0161ien\u0117s iniciatyva 2001 met\u0173 rugs\u0117jo m\u0117n. 21 d. Botanikos sode \u012fvyko pirmoji Aleksoto \u0161vent\u0117, sub\u016brusi gra\u017e\u0173 rat\u0105 bi\u010diuli\u0173. Aleksoti\u0161kiai nutar\u0117: tik drauge veikdami galim daug nuveikti, kad gyventi ir praleisti laisvalaik\u012f b\u016bt\u0173 prasmingiau.<\/p><p>2002-04-25 dien\u0105 Botanikos sode \u012fvyko Aleksoto bendruomen\u0117s centro steigiamasis susirinkimas, kuriame priimtas nutarimas \u012fsteigti Aleksoto bendruomen\u0117s centr\u0105. Pirm\u0105ja centro pirmininke i\u0161rinkta Liukrecija Navickien\u0117. L. Navickienei 2003 m. tapus Aleksoto seni\u016bne, bendruomen\u0117s centro pirmininku tapo Zenonas \u0160alna, kuris\u00a0vadovavo Aleksoto bendruomen\u0117s centro veiklai iki 2016 m.,\u00a0 2016-2018 m. m\u016bs\u0173 centrui vadovavo Birut\u0117 Valentien\u0117, o nuo 2018 m. gruod\u017eio 14 d. valdybos pirmininke i\u0161rinkta Steput\u0117 Ra\u010dkauskien\u0117.<\/p><p>Per 15 veiklos met\u0173 Aleksoto bendruomen\u0117s centras yra sukaup\u0119s didel\u0119 patirt\u012f ir rengia daug \u012fvairi\u0173 tradicini\u0173 rengini\u0173 ir \u0161ven\u010di\u0173 Aleksoto ir miesto gyventojams. Aleksoto bendruomen\u0117s centras turi savo himn\u0105, v\u0117liav\u0105 ir \u017eenkl\u0105, interneto svetain\u0119\u00a0<a href=\"http:\/\/aleksotas.lt\/en\/\">www.aleksotas.lt<\/a>.<\/p><p>Aleksoto bendruomen\u0117s centro tikslas &#8211; organizuoti ir koordinuoti \u0161vie\u010diam\u0105j\u0105, kult\u016brin\u0119, sportin\u0119, socialin\u0119, sveikatinam\u0105j\u0105, aplinkosaugin\u0119 ir kit\u0105 veikl\u0105 Aleksote. Aleksoto bendruomen\u0117s centro siekiai: Aleksotas \u2013 miestas sodas, \u017ealieji Kauno vartai, Aleksotas \u2013 svetingas kaunie\u010diams ir keliautojams, Aleksote gera ir saugu gyventi, dirbti, sportuoti ir ils\u0117tis. Ilgalaik\u0117 rengini\u0173 organizavimo praktika leid\u017eia teigti, kad masiniuose renginiuose dalyvauja kas antra Aleksoto gyventoj\u0173 \u0161eima, o Aleksoto bendruomen\u0117s centras yra vienas i\u0161 aktyviausiai veikian\u010di\u0173 bendruomeni\u0173 centr\u0173 Kaune. Kult\u016briniai renginiai nuo pat Aleksoto bendruomen\u0117s centro \u012fsik\u016brimo buvo vieni i\u0161 prioritetini\u0173 veiklos kryp\u010di\u0173.<\/p>\t\t\t\t\t\t\t\t<\/div>\n\t\t\t\t<\/div>\n\t\t\t\t\t<\/div>\n\t\t\t\t<\/div>\n\t\t<div class=\"elementor-element elementor-element-f2e8226 e-flex e-con-boxed e-con e-parent\" data-id=\"f2e8226\" data-element_type=\"container\">\n\t\t\t\t\t<div class=\"e-con-inner\">\n\t\t\t\t<div class=\"elementor-element elementor-element-bfc5f4b elementor-widget elementor-widget-text-editor\" data-id=\"bfc5f4b\" data-element_type=\"widget\" data-widget_type=\"text-editor.default\">\n\t\t\t\t<div class=\"elementor-widget-container\">\n\t\t\t\t\t\t\t\t\t<p>Pagrindinis Aleksoto kult\u016brinis renginys \u2013 Aleksoto \u0161vent\u0117, rugs\u0117jo viduryje sutraukianti t\u016bkstan\u010dius \u017ei\u016brov\u0173 ir dalyvi\u0173. Kiti reik\u0161mingi kult\u016bros renginiai, taip pat tap\u0119 tradiciniais \u2013 U\u017egav\u0117ni\u0173 \u0161vent\u0117 VDU Botanikos sode, kal\u0117dinis karnavalas. Kasmet organizuojame kaunie\u010di\u0173 labai m\u0117gstamus pa\u017eintinius dvira\u010di\u0173 \u017eygius po Aleksot\u0105. Manome, kad aktyvi bendruomen\u0117s centro kult\u016brin\u0117 veikla aleksoti\u0161kiams kompensuoja tai, kad rajone n\u0117ra nei kult\u016bros nam\u0173, nei klub\u0173, nei kino teatro, nei kit\u0173 kult\u016bros \u017eidini\u0173. Aleksoto bendruomen\u0117s centro pasidid\u017eiavimas \u2013 Aleksoto\u00a0liaudi\u0161kos muzikos\u00a0ansamblis \u201eSvirb\u0117\u201c, kuris jau nema\u017eai koncertav\u0119s Kaune ir Lietuvoje, reta Aleksoto \u0161vent\u0117 praeina be \u201eSvirb\u0117s\u201c u\u017evedam\u0173 dain\u0173 ir \u0161oki\u0173. Aleksoto bendruomen\u0117s centras daug d\u0117mesio skiria vaik\u0173, jaunimo u\u017eimtumui gerinti, socialinei atskir\u010diai ma\u017einti. Kasmet organizuojamos Aleksoto jaunimo sporto \u017eaidyn\u0117s, Kal\u0117d\u0173 eglut\u0117s \u0161vent\u0117s vaikams i\u0161 socialiai remtin\u0173 \u0161eim\u0173, talkos Aleksoto aplinkai \u0161varinti. Apibendrinant reik\u0117t\u0173 akcentuoti, kad Aleksoto bendruomen\u0117s centras kasmet organizuoja vir\u0161 50 rengini\u0173 aleksoti\u0161kiams ir j\u0173 sve\u010diams.<\/p>\t\t\t\t\t\t\t\t<\/div>\n\t\t\t\t<\/div>\n\t\t\t\t\t<\/div>\n\t\t\t\t<\/div>\n\t\t<div class=\"elementor-element elementor-element-e79e03b e-flex e-con-boxed e-con e-parent\" data-id=\"e79e03b\" data-element_type=\"container\">\n\t\t\t\t\t<div class=\"e-con-inner\">\n\t\t\t\t<div class=\"elementor-element elementor-element-5b60e83 elementor-widget elementor-widget-text-editor\" data-id=\"5b60e83\" data-element_type=\"widget\" data-widget_type=\"text-editor.default\">\n\t\t\t\t<div class=\"elementor-widget-container\">\n\t\t\t\t\t\t\t\t\t<p>\u00a0V\u0117liava ir \u017eenklas<\/p>\t\t\t\t\t\t\t\t<\/div>\n\t\t\t\t<\/div>\n\t\t\t\t<div class=\"elementor-element elementor-element-4532421 elementor-widget elementor-widget-image\" data-id=\"4532421\" data-element_type=\"widget\" data-widget_type=\"image.default\">\n\t\t\t\t<div class=\"elementor-widget-container\">\n\t\t\t\t\t\t\t\t\t\t\t\t\t\t\t<img decoding=\"async\" width=\"210\" height=\"140\" src=\"https:\/\/aleksotas.lt\/wp-content\/uploads\/2025\/03\/aleksoto_bendruomenes_centras.gif\" class=\"attachment-large size-large wp-image-12\" alt=\"\" \/>\t\t\t\t\t\t\t\t\t\t\t\t\t\t\t<\/div>\n\t\t\t\t<\/div>\n\t\t\t\t<div class=\"elementor-element elementor-element-9923464 elementor-widget elementor-widget-text-editor\" data-id=\"9923464\" data-element_type=\"widget\" data-widget_type=\"text-editor.default\">\n\t\t\t\t<div class=\"elementor-widget-container\">\n\t\t\t\t\t\t\t\t\t<p>V\u0117liava ir \u017eenklas simbolizuoja Aleksoto teritorinius pavadinimus: Aleksotas, I Birut\u0117, II Birut\u0117, \u017demoji Freda, Auk\u0161toji Freda, I Julijanava, II Julijanava, Yli\u0161k\u0117s, Marvel\u0117, Linksmadvaris, Kazli\u0161k\u0117s, Tirklili\u0161k\u0117s, Jiesia, Naugardi\u0161k\u0117s<\/p>\t\t\t\t\t\t\t\t<\/div>\n\t\t\t\t<\/div>\n\t\t\t\t\t<\/div>\n\t\t\t\t<\/div>\n\t\t\t\t<\/div>","protected":false},"excerpt":{"rendered":"<p>Aleksoto bendruomen\u0117s centras\u200b Ten, kur susiburia \u017emon\u0117s, kad u\u017emegzt\u0173 ilgalaikius ry\u0161ius ir praturtint\u0173 m\u016bs\u0173 kaimynyst\u0119. Aleksoti\u0161ki\u0173 Liukrecijos Navickien\u0117s, Zenono \u0160alnos ir Aurelijos Barei\u0161ien\u0117s iniciatyva 2001 met\u0173 rugs\u0117jo m\u0117n. 21 d. Botanikos sode \u012fvyko pirmoji Aleksoto \u0161vent\u0117, sub\u016brusi gra\u017e\u0173 rat\u0105 bi\u010diuli\u0173. Aleksoti\u0161kiai nutar\u0117: tik drauge veikdami galim daug nuveikti, kad gyventi ir praleisti laisvalaik\u012f b\u016bt\u0173 prasmingiau&#8230;.<\/p>","protected":false},"author":1,"featured_media":0,"parent":0,"menu_order":0,"comment_status":"closed","ping_status":"closed","template":"","meta":{"_kad_post_transparent":"","_kad_post_title":"hide","_kad_post_layout":"fullwidth","_kad_post_sidebar_id":"","_kad_post_content_style":"unboxed","_kad_post_vertical_padding":"hide","_kad_post_feature":"hide","_kad_post_feature_position":"","_kad_post_header":false,"_kad_post_footer":false,"footnotes":""},"class_list":["post-542","page","type-page","status-publish","hentry"],"_links":{"self":[{"href":"https:\/\/aleksotas.lt\/en\/wp-json\/wp\/v2\/pages\/542","targetHints":{"allow":["GET"]}}],"collection":[{"href":"https:\/\/aleksotas.lt\/en\/wp-json\/wp\/v2\/pages"}],"about":[{"href":"https:\/\/aleksotas.lt\/en\/wp-json\/wp\/v2\/types\/page"}],"author":[{"embeddable":true,"href":"https:\/\/aleksotas.lt\/en\/wp-json\/wp\/v2\/users\/1"}],"replies":[{"embeddable":true,"href":"https:\/\/aleksotas.lt\/en\/wp-json\/wp\/v2\/comments?post=542"}],"version-history":[{"count":13,"href":"https:\/\/aleksotas.lt\/en\/wp-json\/wp\/v2\/pages\/542\/revisions"}],"predecessor-version":[{"id":737,"href":"https:\/\/aleksotas.lt\/en\/wp-json\/wp\/v2\/pages\/542\/revisions\/737"}],"wp:attachment":[{"href":"https:\/\/aleksotas.lt\/en\/wp-json\/wp\/v2\/media?parent=542"}],"curies":[{"name":"wp","href":"https:\/\/api.w.org\/{rel}","templated":true}]}}