{"id":529,"date":"2025-03-18T13:20:01","date_gmt":"2025-03-18T13:20:01","guid":{"rendered":"http:\/\/aleksotas.lt\/aleksotas_site\/?page_id=529"},"modified":"2025-03-18T13:25:15","modified_gmt":"2025-03-18T13:25:15","slug":"aleksoto-istorija","status":"publish","type":"page","link":"https:\/\/aleksotas.lt\/en\/aleksoto-istorija\/","title":{"rendered":"Aleksoto istorija"},"content":{"rendered":"<div data-elementor-type=\"wp-page\" data-elementor-id=\"529\" class=\"elementor elementor-529\">\n\t\t\t\t<div class=\"elementor-element elementor-element-437c7be6 e-flex e-con-boxed e-con e-parent\" data-id=\"437c7be6\" data-element_type=\"container\" data-settings=\"{&quot;background_background&quot;:&quot;gradient&quot;}\">\n\t\t\t\t\t<div class=\"e-con-inner\">\n\t\t<div class=\"elementor-element elementor-element-4bde8a35 e-con-full e-flex e-con e-child\" data-id=\"4bde8a35\" data-element_type=\"container\">\n\t\t\t\t<div class=\"elementor-element elementor-element-210fdb43 elementor-widget elementor-widget-text-editor\" data-id=\"210fdb43\" data-element_type=\"widget\" data-widget_type=\"text-editor.default\">\n\t\t\t\t<div class=\"elementor-widget-container\">\n\t\t\t\t\t\t\t\t\t<p>Aleksoto istorija<\/p>\t\t\t\t\t\t\t\t<\/div>\n\t\t\t\t<\/div>\n\t\t\t\t<div class=\"elementor-element elementor-element-835b8f1 elementor-widget elementor-widget-text-editor\" data-id=\"835b8f1\" data-element_type=\"widget\" data-widget_type=\"text-editor.default\">\n\t\t\t\t<div class=\"elementor-widget-container\">\n\t\t\t\t\t\t\t\t\t<p>Kauno dalis, nuo seno gars\u0117jusi kaip strategi\u0161kai svarbi vietov\u0117 prie Nemuno, tur\u0117jusi tilt\u0105 \u012f Kauno centr\u0105, o XX a. tapusi pramon\u0117s, aviacijos ir mokslo centru.<\/p>\t\t\t\t\t\t\t\t<\/div>\n\t\t\t\t<\/div>\n\t\t\t\t<\/div>\n\t\t<div class=\"elementor-element elementor-element-5e197f98 e-con-full e-flex e-con e-child\" data-id=\"5e197f98\" data-element_type=\"container\">\n\t\t\t\t<div class=\"elementor-element elementor-element-2c10e627 elementor-widget elementor-widget-shortcode\" data-id=\"2c10e627\" data-element_type=\"widget\" data-widget_type=\"shortcode.default\">\n\t\t\t\t<div class=\"elementor-widget-container\">\n\t\t\t\t\t\t\t<div class=\"elementor-shortcode\"><\/div>\n\t\t\t\t\t\t<\/div>\n\t\t\t\t<\/div>\n\t\t\t\t<\/div>\n\t\t\t\t\t<\/div>\n\t\t\t\t<\/div>\n\t\t<div class=\"elementor-element elementor-element-9eb22ba e-flex e-con-boxed e-con e-parent\" data-id=\"9eb22ba\" data-element_type=\"container\">\n\t\t\t\t\t<div class=\"e-con-inner\">\n\t\t\t\t<div class=\"elementor-element elementor-element-7a8e49a elementor-widget elementor-widget-image\" data-id=\"7a8e49a\" data-element_type=\"widget\" data-widget_type=\"image.default\">\n\t\t\t\t<div class=\"elementor-widget-container\">\n\t\t\t\t\t\t\t\t\t\t\t\t\t\t\t<img fetchpriority=\"high\" decoding=\"async\" width=\"490\" height=\"328\" src=\"https:\/\/aleksotas.lt\/wp-content\/uploads\/2025\/03\/1.jpg\" class=\"attachment-large size-large wp-image-531\" alt=\"\" srcset=\"https:\/\/aleksotas.lt\/wp-content\/uploads\/2025\/03\/1.jpg 490w, https:\/\/aleksotas.lt\/wp-content\/uploads\/2025\/03\/1-300x201.jpg 300w, https:\/\/aleksotas.lt\/wp-content\/uploads\/2025\/03\/1-18x12.jpg 18w\" sizes=\"(max-width: 490px) 100vw, 490px\" \/>\t\t\t\t\t\t\t\t\t\t\t\t\t\t\t<\/div>\n\t\t\t\t<\/div>\n\t\t\t\t<div class=\"elementor-element elementor-element-11b1d4f elementor-widget elementor-widget-text-editor\" data-id=\"11b1d4f\" data-element_type=\"widget\" data-widget_type=\"text-editor.default\">\n\t\t\t\t<div class=\"elementor-widget-container\">\n\t\t\t\t\t\t\t\t\t<p><em>Aleksotas \u012fkurtas 1408 metais. Jis buvo \u017einomas Svirbigalos pavadinimu, kilusiu\u00a0 nuo Svirb\u0117s upelio, ka\u017ekada tek\u0117jusio per Aleksot\u0105. Aleksoto vardo kilm\u0117 n\u0117ra iki galo i\u0161ai\u0161kinta. Aleksoto vardas kildinamas ir i\u0161 meil\u0117s deiv\u0117s Aleksotos (kitaip vadintos\u00a0<a title=\"Milda\" href=\"http:\/\/lt.wikipedia.org\/wiki\/Milda\" target=\"_blank\" rel=\"noopener\">Milda<\/a>) vardo. Istorikai T. Narbutas ir A. Palujanskis teigia, kad Aleksota buvusi senosios lietuvi\u0173 tikybos meil\u0117s deiv\u0117. Jos buvein\u0117 buvusi Aleksoto \u0161laituose. Pasak legendos, Nemuno \u0161laite prie\u0161ais Kaun\u0105 buvo \u012frengta Aleksotos \u0161ventykla, kur stov\u0117jusi akmenin\u0117 ar medin\u0117 \u0161ios deiv\u0117s statula, kuri\u0105 garbino ir pri\u017ei\u016br\u0117jo kunigaik\u0161\u010dio\u00a0<a title=\"Dangerutis\" href=\"http:\/\/lt.wikipedia.org\/wiki\/Dangerutis\" target=\"_blank\" rel=\"noopener\">Dangeru\u010dio<\/a>\u00a0dukt\u0117 Milda. Kai kas mano, kad Aleksoto vardas kil\u0119s i\u0161\u00a0 XVI a. kairiajame Nemuno krante \u012frengt\u0173 vokie\u010di\u0173 laiv\u0173 statykl\u0173, vadinam\u0173 Aleksotais pavadinimo, bet aleksoti\u0161kiams mielesnis deiv\u0117s Aleksotos pavadinimas.<\/em><\/p><p><strong>1408<\/strong>\u00a0met\u0173 sausio 6 d. Kaune susitiko Jogaila, Vytautas, Livonijos ir Teuton\u0173 grosmeisteriai. Tada Vytauto (arbitro) sprendimu buvo nustatytos Lenkijos ir Rytpr\u016bsi\u0173 sienos.<\/p><p>Pirmoji Kauno miestui duotoji privilegija datuojama 1408 metais: kunigaik\u0161tis Vytautas Didysis\u00a0 Kauno miestui suteikia Magdeburgo teises. Mieste vyksta intensyvi prekyba, veikia amatinink\u0173 dirbtuv\u0117s. Aleksotas \u012fsik\u016br\u0117\u00a0<a title=\"1408\" href=\"http:\/\/lt.wikipedia.org\/wiki\/1408\" target=\"_blank\" rel=\"noopener\">1408<\/a>\u00a0m.\u00a0<a title=\"Vytautas\" href=\"http:\/\/lt.wikipedia.org\/wiki\/Vytautas\" target=\"_blank\" rel=\"noopener\">Vytauto<\/a>\u00a0privilegija Kaunui dovanotoje Kauno girioje. Prie Aleksoto tilto jau buvo atskir\u0173 gyvenam\u0173j\u0173 nam\u0173.<\/p><p><strong>1432<\/strong>\u00a0metais kunigaik\u0161tis Zigmantas K\u0119stutaitis, kaip ir kit\u0173 miest\u0173, taip ir Aleksoto gyventojus atleid\u017eia nuo muit\u0173 ir kit\u0173 prekybini\u0173 \u201can\u010dd\u0117li\u0173\u201d.<\/p><p><strong>1444<\/strong>\u00a0metais Kazimieras Jogailaitis privilegijoje\u00a0 Kaun\u0105 vadina \u017eymesniu Lietuvos miestu, turin\u010diu Magdeburgo teis\u0117mis tvarkom\u0105 savivaldyb\u0119.Tap\u0119s Lenkijos karaliumi, Kazimieras Jogailaitis pakartodamas patvirtina anks\u010diau Kaunui duotas teises ir privilegijas, nustato \u017dolin\u0117s prekymet\u012f, leid\u017eia miestui laikyti vie\u0161\u0105sias svarstykles, va\u0161kid\u0119, gelumb\u0117s dirbtuv\u0119 ir net anapus Nemuno plytin\u010dius didelius \u017eem\u0117s plotus, esan\u010dius tarp Jiesios ir Zapy\u0161kio, priskiria miesto gyventojams. Aleksotas priskiriamas Kaunui.<\/p><p><strong>1791<\/strong>\u00a0metais padalijus Lietuvos Lenkijos valstyb\u0119, Kaunas tapo Rusijos pasienio miestu, nes U\u017enemun\u0117 buvo vokie\u010di\u0173 valdoma. To meto \u00a0Kauno plane Aleksotas vadinamas priemies\u010diu.<\/p><p><strong>1793<\/strong>\u00a0metais per antr\u0105j\u012f Lietuvos padalijim\u0105 Lenkijos dalis ir S\u016bduva su Aleksoto \u017eem\u0117mis sudar\u0117 \u201cVar\u0161uvos hercogyst\u0119\u201d, v\u0117liau &#8211; \u201cCarstvo polskoje\u201d.<\/p><p>Po\u00a0<strong>1795<\/strong>\u00a0met\u0173 Lietuvos padalijimo vietov\u0117 kartu su\u00a0 U\u017enemune buvo\u00a0 priskirta Pr\u016bsijai, v\u0117liau (1807 m.) \u2013 Var\u0161uvos kunigaik\u0161tystei, dar v\u0117liau (1815 m.) &#8211; Lenkijos karalystei Rusijos sud\u0117tyje. \u010cia galiojo skirtingi \u012fstatymai bei kalendorius n\u0117 kitoje Nemuno pus\u0117je, Kaune, kuris buvo Rusijos imperijos \u0160iaur\u0117s Vakar\u0173 kra\u0161to dalis. Juokaujant Aleksoto tiltas buvo laikomas ilgiausiu pasaulyje: per j\u012f keliauti tekdavo net 13 dien\u0173, nes senojo stiliaus kalendorius buvo tiek dien\u0173 atsilik\u0119s nuo naujojo.<\/p><p><strong>1812<\/strong>\u00a0m. \u2013 Napoleono kariuomen\u0117 ties Aleksotu persik\u0117l\u0117 per Nemun\u0105 ir prad\u0117jo \u017eyg\u012f \u012f Maskv\u0105.<\/p><p><strong><a title=\"1831\" href=\"http:\/\/lt.wikipedia.org\/wiki\/1831\" target=\"_blank\" rel=\"noopener\">1831<\/a><\/strong>\u00a0m. sukil\u0117liai nuo Aleksoto kalv\u0173 i\u0161 pab\u016bkl\u0173 ap\u0161aud\u0117 Kaun\u0105 ir j\u012f u\u017e\u0117m\u0117.<\/p><p><strong><a title=\"1863\" href=\"http:\/\/lt.wikipedia.org\/wiki\/1863\" target=\"_blank\" rel=\"noopener\">1863<\/a><\/strong>\u00a0m.\u00a0<a title=\"Gruod\u017eio 26\" href=\"http:\/\/lt.wikipedia.org\/wiki\/Gruod%C5%BEio_26\" target=\"_blank\" rel=\"noopener\">gruod\u017eio 26<\/a>\u2013<a title=\"Gruod\u017eio 28\" href=\"http:\/\/lt.wikipedia.org\/wiki\/Gruod%C5%BEio_28\" target=\"_blank\" rel=\"noopener\">28<\/a>\u00a0d. \u012f Aleksot\u0105 buvo sutrauktos sukil\u0117li\u0173 paj\u0117gos Kaunui pulti ir sukilimo vadui\u00a0<a title=\"Antanas Mackevi\u010dius (1828)\" href=\"http:\/\/lt.wikipedia.org\/wiki\/Antanas_Mackevi%C4%8Dius_(1828)\" target=\"_blank\" rel=\"noopener\">Antanui Mackevi\u010diui<\/a>\u00a0i\u0161vaduoti, ta\u010diau puolimas ne\u012fvyko.<\/p><p><a title=\"1890\" href=\"http:\/\/lt.wikipedia.org\/wiki\/1890\" target=\"_blank\" rel=\"noopener\">1890<\/a>\u00a0m. pastatytas\u00a0<a title=\"Aleksoto mal\u016bnas\" href=\"http:\/\/lt.wikipedia.org\/wiki\/Aleksoto_mal%C5%ABnas\" target=\"_blank\" rel=\"noopener\">Aleksoto mal\u016bnas<\/a>.\u00a0<a title=\"1919\" href=\"http:\/\/lt.wikipedia.org\/wiki\/1919\" target=\"_blank\" rel=\"noopener\">1919<\/a>\u00a0m. senoji Aleksoto dalis (54 ha) buvo prijungta prie Kauno, o\u00a0<a title=\"1931\" href=\"http:\/\/lt.wikipedia.org\/wiki\/1931\" target=\"_blank\" rel=\"noopener\">1931<\/a>\u00a0m. prijungta ir likusioji gyvenviet\u0117s dalis (573 ha).\u00a0<a title=\"1923\" href=\"http:\/\/lt.wikipedia.org\/wiki\/1923\" target=\"_blank\" rel=\"noopener\">1923<\/a>\u00a0m. Kaune gyveno 4154 aleksoti\u0161kiai.\u00a0<a title=\"1935\" href=\"http:\/\/lt.wikipedia.org\/wiki\/1935\" target=\"_blank\" rel=\"noopener\">1935<\/a>\u00a0m.\u00a0<a title=\"Gruod\u017eio 5\" href=\"http:\/\/lt.wikipedia.org\/wiki\/Gruod%C5%BEio_5\" target=\"_blank\" rel=\"noopener\">gruod\u017eio 5<\/a>\u00a0d. Aleksote atidarytas\u00a0<a title=\"Aleksoto keltuvas\" href=\"http:\/\/lt.wikipedia.org\/wiki\/Aleksoto_keltuvas\" target=\"_blank\" rel=\"noopener\">funikulierius<\/a>, Kauno Maisto bendrov\u0117, veik\u0117 keli mal\u016bnai, lentpj\u016bv\u0117s, maisto krautuv\u0117s.<\/p>\t\t\t\t\t\t\t\t<\/div>\n\t\t\t\t<\/div>\n\t\t\t\t<div class=\"elementor-element elementor-element-9d759ac elementor-widget elementor-widget-image\" data-id=\"9d759ac\" data-element_type=\"widget\" data-widget_type=\"image.default\">\n\t\t\t\t<div class=\"elementor-widget-container\">\n\t\t\t\t\t\t\t\t\t\t\t\t\t\t\t<img decoding=\"async\" width=\"490\" height=\"296\" src=\"https:\/\/aleksotas.lt\/wp-content\/uploads\/2025\/03\/2.jpg\" class=\"attachment-large size-large wp-image-532\" alt=\"\" srcset=\"https:\/\/aleksotas.lt\/wp-content\/uploads\/2025\/03\/2.jpg 490w, https:\/\/aleksotas.lt\/wp-content\/uploads\/2025\/03\/2-300x181.jpg 300w, https:\/\/aleksotas.lt\/wp-content\/uploads\/2025\/03\/2-18x12.jpg 18w\" sizes=\"(max-width: 490px) 100vw, 490px\" \/>\t\t\t\t\t\t\t\t\t\t\t\t\t\t\t<\/div>\n\t\t\t\t<\/div>\n\t\t\t\t<div class=\"elementor-element elementor-element-4ecc8e4 elementor-widget elementor-widget-image\" data-id=\"4ecc8e4\" data-element_type=\"widget\" data-widget_type=\"image.default\">\n\t\t\t\t<div class=\"elementor-widget-container\">\n\t\t\t\t\t\t\t\t\t\t\t\t\t\t\t<img decoding=\"async\" width=\"490\" height=\"326\" src=\"https:\/\/aleksotas.lt\/wp-content\/uploads\/2025\/03\/3.jpg\" class=\"attachment-large size-large wp-image-533\" alt=\"\" srcset=\"https:\/\/aleksotas.lt\/wp-content\/uploads\/2025\/03\/3.jpg 490w, https:\/\/aleksotas.lt\/wp-content\/uploads\/2025\/03\/3-300x200.jpg 300w, https:\/\/aleksotas.lt\/wp-content\/uploads\/2025\/03\/3-18x12.jpg 18w\" sizes=\"(max-width: 490px) 100vw, 490px\" \/>\t\t\t\t\t\t\t\t\t\t\t\t\t\t\t<\/div>\n\t\t\t\t<\/div>\n\t\t\t\t\t<\/div>\n\t\t\t\t<\/div>\n\t\t<div class=\"elementor-element elementor-element-8187515 e-flex e-con-boxed e-con e-parent\" data-id=\"8187515\" data-element_type=\"container\">\n\t\t\t\t\t<div class=\"e-con-inner\">\n\t\t\t\t<div class=\"elementor-element elementor-element-1f84b8e elementor-widget elementor-widget-text-editor\" data-id=\"1f84b8e\" data-element_type=\"widget\" data-widget_type=\"text-editor.default\">\n\t\t\t\t<div class=\"elementor-widget-container\">\n\t\t\t\t\t\t\t\t\t<p><a title=\"1941 m. bir\u017eelio sukilimas\" href=\"http:\/\/lt.wikipedia.org\/wiki\/1941_m._bir%C5%BEelio_sukilimas\" target=\"_blank\" rel=\"noopener\">1<strong>941<\/strong>\u00a0m. sukilimo<\/a>\u00a0metu Aleksote veik\u0117 apie 250 partizan\u0173 b\u016brys, vienas did\u017eiausi\u0173 Kaune.\u00a0<a title=\"Antrasis pasaulinis karas\" href=\"http:\/\/lt.wikipedia.org\/wiki\/Antrasis_pasaulinis_karas\" target=\"_blank\" rel=\"noopener\">Antrojo pasaulinio karo<\/a>\u00a0metais prie Aleksoto aerodromo buvo \u012fkurtas \u201estadiono\u201c lageris; po karo 19-oje kapavie\u010di\u0173 prie Aleksoto tilto buvo rasti 9155 \u017euv\u0119 karo belaisviai i\u0161 \u0161io lagerio.\u00a0<a title=\"1944\" href=\"http:\/\/lt.wikipedia.org\/wiki\/1944\" target=\"_blank\" rel=\"noopener\">1944<\/a>\u00a0m. atsitraukdama vokie\u010di\u0173 kariuomen\u0117 susprogdino\u00a0<a title=\"VDU\" href=\"http:\/\/lt.wikipedia.org\/wiki\/VDU\" target=\"_blank\" rel=\"noopener\">VDU<\/a>\u00a0Fizikos-chemijos fakulteto r\u016bmus, Juozo Damijonai\u010dio pradin\u0119 mokykl\u0105,\u00a0<a title=\"Aleksoto tiltas\" href=\"http:\/\/lt.wikipedia.org\/wiki\/Aleksoto_tiltas\" target=\"_blank\" rel=\"noopener\">Aleksoto tilt\u0105<\/a>.<\/p><p>Po karo priva\u010dios \u012fmon\u0117s i\u0161nyko, Aleksote esan\u010diuose aerodromuose\u00a0 \u012fsik\u016br\u0117 soviet\u0173 kariuomen\u0117s aviacijos pulkas. Prasid\u0117jo tarybinis laikotarpis.<\/p>\t\t\t\t\t\t\t\t<\/div>\n\t\t\t\t<\/div>\n\t\t\t\t\t<\/div>\n\t\t\t\t<\/div>\n\t\t\t\t<\/div>","protected":false},"excerpt":{"rendered":"<p>Aleksoto istorija Kauno dalis, nuo seno gars\u0117jusi kaip strategi\u0161kai svarbi vietov\u0117 prie Nemuno, tur\u0117jusi tilt\u0105 \u012f Kauno centr\u0105, o XX a. tapusi pramon\u0117s, aviacijos ir mokslo centru. Aleksotas \u012fkurtas 1408 metais. Jis buvo \u017einomas Svirbigalos pavadinimu, kilusiu\u00a0 nuo Svirb\u0117s upelio, ka\u017ekada tek\u0117jusio per Aleksot\u0105. Aleksoto vardo kilm\u0117 n\u0117ra iki galo i\u0161ai\u0161kinta. Aleksoto vardas kildinamas ir&#8230;<\/p>","protected":false},"author":1,"featured_media":0,"parent":0,"menu_order":0,"comment_status":"closed","ping_status":"closed","template":"","meta":{"_kad_post_transparent":"","_kad_post_title":"hide","_kad_post_layout":"fullwidth","_kad_post_sidebar_id":"","_kad_post_content_style":"unboxed","_kad_post_vertical_padding":"hide","_kad_post_feature":"hide","_kad_post_feature_position":"","_kad_post_header":false,"_kad_post_footer":false,"footnotes":""},"class_list":["post-529","page","type-page","status-publish","hentry"],"_links":{"self":[{"href":"https:\/\/aleksotas.lt\/en\/wp-json\/wp\/v2\/pages\/529","targetHints":{"allow":["GET"]}}],"collection":[{"href":"https:\/\/aleksotas.lt\/en\/wp-json\/wp\/v2\/pages"}],"about":[{"href":"https:\/\/aleksotas.lt\/en\/wp-json\/wp\/v2\/types\/page"}],"author":[{"embeddable":true,"href":"https:\/\/aleksotas.lt\/en\/wp-json\/wp\/v2\/users\/1"}],"replies":[{"embeddable":true,"href":"https:\/\/aleksotas.lt\/en\/wp-json\/wp\/v2\/comments?post=529"}],"version-history":[{"count":7,"href":"https:\/\/aleksotas.lt\/en\/wp-json\/wp\/v2\/pages\/529\/revisions"}],"predecessor-version":[{"id":540,"href":"https:\/\/aleksotas.lt\/en\/wp-json\/wp\/v2\/pages\/529\/revisions\/540"}],"wp:attachment":[{"href":"https:\/\/aleksotas.lt\/en\/wp-json\/wp\/v2\/media?parent=529"}],"curies":[{"name":"wp","href":"https:\/\/api.w.org\/{rel}","templated":true}]}}