{"id":39,"date":"2025-03-09T14:39:45","date_gmt":"2025-03-09T14:39:45","guid":{"rendered":"http:\/\/aleksotas.lt\/aleksotas_site\/?page_id=39"},"modified":"2025-03-10T19:12:14","modified_gmt":"2025-03-10T19:12:14","slug":"naujienos","status":"publish","type":"page","link":"https:\/\/aleksotas.lt\/en\/naujienos\/","title":{"rendered":"Naujienos"},"content":{"rendered":"<div data-elementor-type=\"wp-page\" data-elementor-id=\"39\" class=\"elementor elementor-39\">\n\t\t\t\t<div class=\"elementor-element elementor-element-5ac26279 e-flex e-con-boxed e-con e-parent\" data-id=\"5ac26279\" data-element_type=\"container\" data-settings=\"{&quot;background_background&quot;:&quot;gradient&quot;}\">\n\t\t\t\t\t<div class=\"e-con-inner\">\n\t\t<div class=\"elementor-element elementor-element-50fd90a e-con-full e-flex e-con e-child\" data-id=\"50fd90a\" data-element_type=\"container\">\n\t\t\t\t<div class=\"elementor-element elementor-element-66deffc7 elementor-widget elementor-widget-text-editor\" data-id=\"66deffc7\" data-element_type=\"widget\" data-widget_type=\"text-editor.default\">\n\t\t\t\t<div class=\"elementor-widget-container\">\n\t\t\t\t\t\t\t\t\t<p>Naujienos<\/p>\t\t\t\t\t\t\t\t<\/div>\n\t\t\t\t<\/div>\n\t\t\t\t<div class=\"elementor-element elementor-element-73de1726 elementor-widget elementor-widget-text-editor\" data-id=\"73de1726\" data-element_type=\"widget\" data-widget_type=\"text-editor.default\">\n\t\t\t\t<div class=\"elementor-widget-container\">\n\t\t\t\t\t\t\t\t\t<p>Sekite naujausius \u012fvykius, renginius ir istorijas i\u0161 Aleksoto bendruomen\u0117s centro.<\/p>\t\t\t\t\t\t\t\t<\/div>\n\t\t\t\t<\/div>\n\t\t\t\t<\/div>\n\t\t<div class=\"elementor-element elementor-element-23c368b1 e-con-full e-flex e-con e-child\" data-id=\"23c368b1\" data-element_type=\"container\">\n\t\t\t\t<div class=\"elementor-element elementor-element-3af56622 elementor-widget elementor-widget-shortcode\" data-id=\"3af56622\" data-element_type=\"widget\" data-widget_type=\"shortcode.default\">\n\t\t\t\t<div class=\"elementor-widget-container\">\n\t\t\t\t\t\t\t<div class=\"elementor-shortcode\"><\/div>\n\t\t\t\t\t\t<\/div>\n\t\t\t\t<\/div>\n\t\t\t\t<\/div>\n\t\t\t\t\t<\/div>\n\t\t\t\t<\/div>\n\t\t<div class=\"elementor-element elementor-element-e8601eb e-flex e-con-boxed e-con e-parent\" data-id=\"e8601eb\" data-element_type=\"container\">\n\t\t\t\t\t<div class=\"e-con-inner\">\n\t\t\t\t<div class=\"elementor-element elementor-element-240a099 elementor-widget elementor-widget-contentviews_widget_grid1\" data-id=\"240a099\" data-element_type=\"widget\" data-widget_type=\"contentviews_widget_grid1.default\">\n\t\t\t\t<div class=\"elementor-widget-container\">\n\t\t\t\t\t<div class='pt-cv-wrapper'> <div class=\"pt-cv-view pt-cv-blockgrid iscvblock iscvelementor grid1 layout1\" id=\"pt-cv-view-240a099\"><div data-id=\"pt-cv-page-1\" class=\"pt-cv-page\" data-cvc=\"1\"><div class=\"pt-cv-content-item pt-cv-1-col\" ><div class=\"pt-cv-thumb-wrapper\"><a href=\"https:\/\/aleksotas.lt\/en\/2026\/05\/08\/aleksoto-bendruomenes-centro-ataskaitinis-susirinkimas\/\" class=\"_self pt-cv-href-thumbnail pt-cv-thumb-default\" target=\"_self\" ><img fetchpriority=\"high\" decoding=\"async\" width=\"1024\" height=\"589\" src=\"https:\/\/aleksotas.lt\/wp-content\/uploads\/2026\/05\/000-1024x589.jpg\" class=\"pt-cv-thumbnail\" alt=\"\" \/><\/a><\/div>\n<h4 class=\"pt-cv-title\"><a href=\"https:\/\/aleksotas.lt\/en\/2026\/05\/08\/aleksoto-bendruomenes-centro-ataskaitinis-susirinkimas\/\" class=\"_self\" target=\"_self\" >Aleksoto bendruomen\u0117s centro ataskaitinis susirinkimas<\/a><\/h4>\n<div class=\"pt-cv-content\">2026.05.05. Gegu\u017e\u0117s 5 d. \u012fvyko Aleksoto bendruomen\u0117s centro ataskaitinis susirinkimas, kuriame cenro pirminink\u0117 Steput\u0117 Ra\u010dkauskien\u0117 ...<\/div>\n<div class=\"pt-cv-rmwrap\"><a href=\"https:\/\/aleksotas.lt\/en\/2026\/05\/08\/aleksoto-bendruomenes-centro-ataskaitinis-susirinkimas\/\" class=\"_self pt-cv-readmore btn btn-success\" target=\"_self\" >Skaityti daugiau<\/a><\/div>\n<div class=\"pt-cv-meta-fields\"><span class=\"entry-date\"><span class=\"glyphicon glyphicon-calendar\"><\/span> <time datetime=\"2026-05-08T11:17:04+00:00\">May 8, 2026<\/time><\/span><\/div><\/div>\n<div class=\"pt-cv-content-item pt-cv-1-col\" ><div class=\"pt-cv-thumb-wrapper\"><a href=\"https:\/\/aleksotas.lt\/en\/2026\/04\/29\/aleksoto-bendruomenes-centro-svirbes-ansamblio-sokejai-bistrampolio-dvare\/\" class=\"_self pt-cv-href-thumbnail pt-cv-thumb-default\" target=\"_self\" ><img decoding=\"async\" width=\"1024\" height=\"598\" src=\"https:\/\/aleksotas.lt\/wp-content\/uploads\/2026\/04\/Bistrampolis-1024x598.jpg\" class=\"pt-cv-thumbnail\" alt=\"\" \/><\/a><\/div>\n<h4 class=\"pt-cv-title\"><a href=\"https:\/\/aleksotas.lt\/en\/2026\/04\/29\/aleksoto-bendruomenes-centro-svirbes-ansamblio-sokejai-bistrampolio-dvare\/\" class=\"_self\" target=\"_self\" >Aleksoto bendruomen\u0117s centro &#8222;Svirb\u0117s&#8221; ansamblio \u0161ok\u0117jai Bistrampolio dvare<\/a><\/h4>\n<div class=\"pt-cv-content\">2026.04.26 Dvari\u0161koje vakarien\u0117je degustavome \u012fmantrius patiekalus, \u0161okome dvaro \u0161okius, klaus\u0117m\u0117s istorij\u0173 i\u0161 dvaro gyvenimo ...<\/div>\n<div class=\"pt-cv-rmwrap\"><a href=\"https:\/\/aleksotas.lt\/en\/2026\/04\/29\/aleksoto-bendruomenes-centro-svirbes-ansamblio-sokejai-bistrampolio-dvare\/\" class=\"_self pt-cv-readmore btn btn-success\" target=\"_self\" >Skaityti daugiau<\/a><\/div>\n<div class=\"pt-cv-meta-fields\"><span class=\"entry-date\"><span class=\"glyphicon glyphicon-calendar\"><\/span> <time datetime=\"2026-04-29T16:59:47+00:00\">April 29, 2026<\/time><\/span><\/div><\/div>\n<div class=\"pt-cv-content-item pt-cv-1-col\" ><div class=\"pt-cv-thumb-wrapper\"><a href=\"https:\/\/aleksotas.lt\/en\/2026\/03\/13\/svenciame-lietuvos-nepriklausomybes-atkurimo-diena\/\" class=\"_self pt-cv-href-thumbnail pt-cv-thumb-default\" target=\"_self\" ><img decoding=\"async\" width=\"1024\" height=\"559\" src=\"https:\/\/aleksotas.lt\/wp-content\/uploads\/2026\/03\/Virselis-1024x559.jpg\" class=\"pt-cv-thumbnail\" alt=\"\" \/><\/a><\/div>\n<h4 class=\"pt-cv-title\"><a href=\"https:\/\/aleksotas.lt\/en\/2026\/03\/13\/svenciame-lietuvos-nepriklausomybes-atkurimo-diena\/\" class=\"_self\" target=\"_self\" >\u0160ven\u010diame Lietuvos nepriklausomyb\u0117s atk\u016brimo dien\u0105<\/a><\/h4>\n<div class=\"pt-cv-content\">2026.03.11. Aleksoto bendruomen\u0117s centro nariai Lietuvos Valstyb\u0117s nepriklausomyb\u0117s atk\u016brimo dien\u0105 tradici\u0161kai \u0161vent\u0117 Vytauto Did\u017eiojo Karo ...<\/div>\n<div class=\"pt-cv-rmwrap\"><a href=\"https:\/\/aleksotas.lt\/en\/2026\/03\/13\/svenciame-lietuvos-nepriklausomybes-atkurimo-diena\/\" class=\"_self pt-cv-readmore btn btn-success\" target=\"_self\" >Skaityti daugiau<\/a><\/div>\n<div class=\"pt-cv-meta-fields\"><span class=\"entry-date\"><span class=\"glyphicon glyphicon-calendar\"><\/span> <time datetime=\"2026-03-13T20:29:43+00:00\">March 13, 2026<\/time><\/span><\/div><\/div>\n<div class=\"pt-cv-content-item pt-cv-1-col\" ><div class=\"pt-cv-thumb-wrapper\"><a href=\"https:\/\/aleksotas.lt\/en\/2026\/03\/13\/lietuvos-nepriklausomybes-atkurimo-dienai-skirtas-renginys-aleksoto-bendruomenes-centre-aleksoto-seniunijos-saleje-klausemes-literaturologes-ramintos-antanaitienes-pasakojimo-apie-zmones-kurie-kure\/\" class=\"_self pt-cv-href-thumbnail pt-cv-thumb-default\" target=\"_self\" ><img loading=\"lazy\" decoding=\"async\" width=\"1024\" height=\"682\" src=\"https:\/\/aleksotas.lt\/wp-content\/uploads\/2026\/03\/648539312_1332601415566770_7210936030362416438_n-1024x682.jpg\" class=\"pt-cv-thumbnail\" alt=\"\" \/><\/a><\/div>\n<h4 class=\"pt-cv-title\"><a href=\"https:\/\/aleksotas.lt\/en\/2026\/03\/13\/lietuvos-nepriklausomybes-atkurimo-dienai-skirtas-renginys-aleksoto-bendruomenes-centre-aleksoto-seniunijos-saleje-klausemes-literaturologes-ramintos-antanaitienes-pasakojimo-apie-zmones-kurie-kure\/\" class=\"_self\" target=\"_self\" >Lietuvos nepriklausomyb\u0117s atk\u016brimo dienai skirtas renginys Aleksoto bendruomen\u0117s centre. Aleksoto seni\u016bnijos sal\u0117je klaus\u0117m\u0117s literat\u016brolog\u0117s Ramintos Antanaitien\u0117s pasakojimo apie \u017emones, kurie k\u016br\u0117 Lietuv\u0105 \u2013 viena j\u0173 \u2013 Sofija Kymantait\u0117-\u010ciurlionien\u0117<\/a><\/h4>\n<div class=\"pt-cv-content\">2026.03.10. Lietuvos nepriklausomyb\u0117s atk\u016brimo dienai skirtus renginius Aleksoto bendruomen\u0117s centro nariai prad\u0117jo kovo 10 d ...<\/div>\n<div class=\"pt-cv-rmwrap\"><a href=\"https:\/\/aleksotas.lt\/en\/2026\/03\/13\/lietuvos-nepriklausomybes-atkurimo-dienai-skirtas-renginys-aleksoto-bendruomenes-centre-aleksoto-seniunijos-saleje-klausemes-literaturologes-ramintos-antanaitienes-pasakojimo-apie-zmones-kurie-kure\/\" class=\"_self pt-cv-readmore btn btn-success\" target=\"_self\" >Skaityti daugiau<\/a><\/div>\n<div class=\"pt-cv-meta-fields\"><span class=\"entry-date\"><span class=\"glyphicon glyphicon-calendar\"><\/span> <time datetime=\"2026-03-13T15:03:14+00:00\">March 13, 2026<\/time><\/span><\/div><\/div>\n<div class=\"pt-cv-content-item pt-cv-1-col\" ><div class=\"pt-cv-thumb-wrapper\"><a href=\"https:\/\/aleksotas.lt\/en\/2026\/03\/13\/tautiska-giesme-nuo-kauno-kalvu\/\" class=\"_self pt-cv-href-thumbnail pt-cv-thumb-default\" target=\"_self\" ><img loading=\"lazy\" decoding=\"async\" width=\"1024\" height=\"614\" src=\"https:\/\/aleksotas.lt\/wp-content\/uploads\/2026\/03\/Tautiska-giesme-1024x614.jpg\" class=\"pt-cv-thumbnail\" alt=\"\" \/><\/a><\/div>\n<h4 class=\"pt-cv-title\"><a href=\"https:\/\/aleksotas.lt\/en\/2026\/03\/13\/tautiska-giesme-nuo-kauno-kalvu\/\" class=\"_self\" target=\"_self\" >Tauti\u0161ka giesm\u0117 nuo Kauno kalv\u0173<\/a><\/h4>\n<div class=\"pt-cv-content\">2026.03.10 ...<\/div>\n<div class=\"pt-cv-rmwrap\"><a href=\"https:\/\/aleksotas.lt\/en\/2026\/03\/13\/tautiska-giesme-nuo-kauno-kalvu\/\" class=\"_self pt-cv-readmore btn btn-success\" target=\"_self\" >Skaityti daugiau<\/a><\/div>\n<div class=\"pt-cv-meta-fields\"><span class=\"entry-date\"><span class=\"glyphicon glyphicon-calendar\"><\/span> <time datetime=\"2026-03-13T11:03:10+00:00\">March 13, 2026<\/time><\/span><\/div><\/div>\n<div class=\"pt-cv-content-item pt-cv-1-col\" ><div class=\"pt-cv-thumb-wrapper\"><a href=\"https:\/\/aleksotas.lt\/en\/2026\/02\/17\/vasario-16-oji\/\" class=\"_self pt-cv-href-thumbnail pt-cv-thumb-default\" target=\"_self\" ><img loading=\"lazy\" decoding=\"async\" width=\"1024\" height=\"665\" src=\"https:\/\/aleksotas.lt\/wp-content\/uploads\/2026\/02\/1a-1024x665.jpg\" class=\"pt-cv-thumbnail\" alt=\"\" \/><\/a><\/div>\n<h4 class=\"pt-cv-title\"><a href=\"https:\/\/aleksotas.lt\/en\/2026\/02\/17\/vasario-16-oji\/\" class=\"_self\" target=\"_self\" >VASARIO 16-OJI<\/a><\/h4>\n<div class=\"pt-cv-content\">2026.02.16. Aleksoto bendruomen\u0117s centro nariai tradici\u0161kai vasario 16-\u0105 prad\u0117jo \u0161v\u0119sti Vytauto Did\u017eiojo karo muziejaus sodelyje ...<\/div>\n<div class=\"pt-cv-rmwrap\"><a href=\"https:\/\/aleksotas.lt\/en\/2026\/02\/17\/vasario-16-oji\/\" class=\"_self pt-cv-readmore btn btn-success\" target=\"_self\" >Skaityti daugiau<\/a><\/div>\n<div class=\"pt-cv-meta-fields\"><span class=\"entry-date\"><span class=\"glyphicon glyphicon-calendar\"><\/span> <time datetime=\"2026-02-17T20:33:07+00:00\">February 17, 2026<\/time><\/span><\/div><\/div>\n<div class=\"pt-cv-content-item pt-cv-1-col\" ><div class=\"pt-cv-thumb-wrapper\"><a href=\"https:\/\/aleksotas.lt\/en\/2026\/02\/17\/0-aleksotiskiu-istojo-i-sventojo-jono-pauliaus-didziojo-ordino-riterius\/\" class=\"_self pt-cv-href-thumbnail pt-cv-thumb-default\" target=\"_self\" ><img loading=\"lazy\" decoding=\"async\" width=\"1024\" height=\"450\" src=\"https:\/\/aleksotas.lt\/wp-content\/uploads\/2026\/02\/634745631_1462231595293249_3969063921683388867_n-1-1024x450.jpg\" class=\"pt-cv-thumbnail\" alt=\"\" \/><\/a><\/div>\n<h4 class=\"pt-cv-title\"><a href=\"https:\/\/aleksotas.lt\/en\/2026\/02\/17\/0-aleksotiskiu-istojo-i-sventojo-jono-pauliaus-didziojo-ordino-riterius\/\" class=\"_self\" target=\"_self\" >10 aleksoti\u0161ki\u0173 \u012fstojo \u012f \u0160ventojo Jono Pauliaus Did\u017eiojo ordino riterius<\/a><\/h4>\n<div class=\"pt-cv-content\">2026.02.14. Didel\u0117 i\u0161kilm\u0117 Aleksoto \u0161v. Kazimiero ba\u017eny\u010dioje. \u0160iandien i\u0161kilmingai prisiek\u0117 10 aleksoti\u0161ki\u0173, kurie \u012fstojo \u012f ...<\/div>\n<div class=\"pt-cv-rmwrap\"><a href=\"https:\/\/aleksotas.lt\/en\/2026\/02\/17\/0-aleksotiskiu-istojo-i-sventojo-jono-pauliaus-didziojo-ordino-riterius\/\" class=\"_self pt-cv-readmore btn btn-success\" target=\"_self\" >Skaityti daugiau<\/a><\/div>\n<div class=\"pt-cv-meta-fields\"><span class=\"entry-date\"><span class=\"glyphicon glyphicon-calendar\"><\/span> <time datetime=\"2026-02-17T20:11:03+00:00\">February 17, 2026<\/time><\/span><\/div><\/div>\n<div class=\"pt-cv-content-item pt-cv-1-col\" ><div class=\"pt-cv-thumb-wrapper\"><a href=\"https:\/\/aleksotas.lt\/en\/2026\/02\/17\/apkasu-zvakiu-gamyba-kristaus-prisikelimo-bazilikoje\/\" class=\"_self pt-cv-href-thumbnail pt-cv-thumb-default\" target=\"_self\" ><img loading=\"lazy\" decoding=\"async\" width=\"1024\" height=\"768\" src=\"https:\/\/aleksotas.lt\/wp-content\/uploads\/2026\/02\/633198207_1459257195590689_399813158237351690_n-1024x768.jpg\" class=\"pt-cv-thumbnail\" alt=\"\" \/><\/a><\/div>\n<h4 class=\"pt-cv-title\"><a href=\"https:\/\/aleksotas.lt\/en\/2026\/02\/17\/apkasu-zvakiu-gamyba-kristaus-prisikelimo-bazilikoje\/\" class=\"_self\" target=\"_self\" >Apkas\u0173 \u017evaki\u0173 gamyba Kristaus prisik\u0117limo bazilikoje<\/a><\/h4>\n<div class=\"pt-cv-content\">2026.02.11. Gra\u017eiai padirb\u0117jome Kristaus prisik\u0117limo bazilikoje. Aleksoto bendruomen\u0117s centro savanoriai gamino apkas\u0173 \u017evakes. Visada galima ...<\/div>\n<div class=\"pt-cv-rmwrap\"><a href=\"https:\/\/aleksotas.lt\/en\/2026\/02\/17\/apkasu-zvakiu-gamyba-kristaus-prisikelimo-bazilikoje\/\" class=\"_self pt-cv-readmore btn btn-success\" target=\"_self\" >Skaityti daugiau<\/a><\/div>\n<div class=\"pt-cv-meta-fields\"><span class=\"entry-date\"><span class=\"glyphicon glyphicon-calendar\"><\/span> <time datetime=\"2026-02-17T19:49:27+00:00\">February 17, 2026<\/time><\/span><\/div><\/div>\n<div class=\"pt-cv-content-item pt-cv-1-col\" ><div class=\"pt-cv-thumb-wrapper\"><a href=\"https:\/\/aleksotas.lt\/en\/2026\/02\/11\/isplestinis-seniunaiciu-susirinkimas\/\" class=\"_self pt-cv-href-thumbnail pt-cv-thumb-default\" target=\"_self\" ><img loading=\"lazy\" decoding=\"async\" width=\"716\" height=\"431\" src=\"https:\/\/aleksotas.lt\/wp-content\/uploads\/2026\/02\/Seniunaiciu-sueiga.jpg\" class=\"pt-cv-thumbnail\" alt=\"\" \/><\/a><\/div>\n<h4 class=\"pt-cv-title\"><a href=\"https:\/\/aleksotas.lt\/en\/2026\/02\/11\/isplestinis-seniunaiciu-susirinkimas\/\" class=\"_self\" target=\"_self\" >I\u0161pl\u0117stinis seni\u016bnai\u010di\u0173 susirinkimas<\/a><\/h4>\n<div class=\"pt-cv-content\">2023.02.04. \u0160. m. vasario 4 d. Aleksoto seni\u016bnijoje \u012fvyko i\u0161pl\u0117stinis seni\u016bnai\u010di\u0173 sueigos susirinkimas, kuriame dalyvavo ...<\/div>\n<div class=\"pt-cv-rmwrap\"><a href=\"https:\/\/aleksotas.lt\/en\/2026\/02\/11\/isplestinis-seniunaiciu-susirinkimas\/\" class=\"_self pt-cv-readmore btn btn-success\" target=\"_self\" >Skaityti daugiau<\/a><\/div>\n<div class=\"pt-cv-meta-fields\"><span class=\"entry-date\"><span class=\"glyphicon glyphicon-calendar\"><\/span> <time datetime=\"2026-02-11T16:58:51+00:00\">February 11, 2026<\/time><\/span><\/div><\/div>\n<div class=\"pt-cv-content-item pt-cv-1-col\" ><div class=\"pt-cv-thumb-wrapper\"><a href=\"https:\/\/aleksotas.lt\/en\/2026\/01\/03\/tradicine-kaledine-vakarone\/\" class=\"_self pt-cv-href-thumbnail pt-cv-thumb-default\" target=\"_self\" ><img loading=\"lazy\" decoding=\"async\" width=\"1024\" height=\"589\" src=\"https:\/\/aleksotas.lt\/wp-content\/uploads\/2026\/01\/Vireselis-1024x589.jpg\" class=\"pt-cv-thumbnail\" alt=\"\" \/><\/a><\/div>\n<h4 class=\"pt-cv-title\"><a href=\"https:\/\/aleksotas.lt\/en\/2026\/01\/03\/tradicine-kaledine-vakarone\/\" class=\"_self\" target=\"_self\" >Tradicin\u0117 kal\u0117din\u0117 vakaron\u0117 &#8222;Laiko ratu&#8221;<\/a><\/h4>\n<div class=\"pt-cv-content\">2025.12.28. \u00a0 Gra\u017ei tradicija, kuri\u0105 jau 23 metai puosel\u0117ja Aleksoto bendruomen\u0117s centras \u2013 tai \u0161ventin\u0117 ...<\/div>\n<div class=\"pt-cv-rmwrap\"><a href=\"https:\/\/aleksotas.lt\/en\/2026\/01\/03\/tradicine-kaledine-vakarone\/\" class=\"_self pt-cv-readmore btn btn-success\" target=\"_self\" >Skaityti daugiau<\/a><\/div>\n<div class=\"pt-cv-meta-fields\"><span class=\"entry-date\"><span class=\"glyphicon glyphicon-calendar\"><\/span> <time datetime=\"2026-01-03T19:55:32+00:00\">January 3, 2026<\/time><\/span><\/div><\/div>\n<div class=\"pt-cv-content-item pt-cv-1-col\" ><div class=\"pt-cv-thumb-wrapper\"><a href=\"https:\/\/aleksotas.lt\/en\/2025\/12\/22\/adventine-siluma-kauno-rajono-savivaldybe-dziaugesi-kaimynu-pasirodymu\/\" class=\"_self pt-cv-href-thumbnail pt-cv-thumb-default\" target=\"_self\" ><img loading=\"lazy\" decoding=\"async\" width=\"998\" height=\"591\" src=\"https:\/\/aleksotas.lt\/wp-content\/uploads\/2025\/12\/Adventine-siluma-Kauno-raj-v.jpg\" class=\"pt-cv-thumbnail\" alt=\"\" \/><\/a><\/div>\n<h4 class=\"pt-cv-title\"><a href=\"https:\/\/aleksotas.lt\/en\/2025\/12\/22\/adventine-siluma-kauno-rajono-savivaldybe-dziaugesi-kaimynu-pasirodymu\/\" class=\"_self\" target=\"_self\" >Adventin\u0117 \u0161iluma: Kauno rajono savivaldyb\u0117 d\u017eiaug\u0117si kaimyn\u0173 pasirodymu<\/a><\/h4>\n<div class=\"pt-cv-content\">2025.12.17. \u0160iandien Kauno rajono savivaldyb\u0117je tvyrojo i\u0161skirtin\u0117 adventin\u0117 atmosfera. Savivaldyb\u0117s vadovus, skyri\u0173 ved\u0117jus ir seni\u016bnus ...<\/div>\n<div class=\"pt-cv-rmwrap\"><a href=\"https:\/\/aleksotas.lt\/en\/2025\/12\/22\/adventine-siluma-kauno-rajono-savivaldybe-dziaugesi-kaimynu-pasirodymu\/\" class=\"_self pt-cv-readmore btn btn-success\" target=\"_self\" >Skaityti daugiau<\/a><\/div>\n<div class=\"pt-cv-meta-fields\"><span class=\"entry-date\"><span class=\"glyphicon glyphicon-calendar\"><\/span> <time datetime=\"2025-12-22T19:21:32+00:00\">December 22, 2025<\/time><\/span><\/div><\/div>\n<div class=\"pt-cv-content-item pt-cv-1-col\" ><div class=\"pt-cv-thumb-wrapper\"><a href=\"https:\/\/aleksotas.lt\/en\/2025\/12\/12\/mazoji-aleksoto-olimpiada-prezidento-valdo-adamkaus-gimnazijoje\/\" class=\"_self pt-cv-href-thumbnail pt-cv-thumb-default\" target=\"_self\" ><img loading=\"lazy\" decoding=\"async\" width=\"1024\" height=\"683\" src=\"https:\/\/aleksotas.lt\/wp-content\/uploads\/2025\/12\/594289386_1288510946647431_3345752027960677079_n-1024x683.jpg\" class=\"pt-cv-thumbnail\" alt=\"\" \/><\/a><\/div>\n<h4 class=\"pt-cv-title\"><a href=\"https:\/\/aleksotas.lt\/en\/2025\/12\/12\/mazoji-aleksoto-olimpiada-prezidento-valdo-adamkaus-gimnazijoje\/\" class=\"_self\" target=\"_self\" >&#8222;Ma\u017eoji Aleksoto olimpiada&#8221; Prezidento Valdo Adamkaus gimnazijoje<\/a><\/h4>\n<div class=\"pt-cv-content\">2025.12.05. \u201eMa\u017eoji Aleksoto olimpiada\u201c suvienijo jaunuosius sportininkus ir smalsuolius Prezidento Valdo Adamkaus gimnazijoje. Gruod\u017eio 4 ...<\/div>\n<div class=\"pt-cv-rmwrap\"><a href=\"https:\/\/aleksotas.lt\/en\/2025\/12\/12\/mazoji-aleksoto-olimpiada-prezidento-valdo-adamkaus-gimnazijoje\/\" class=\"_self pt-cv-readmore btn btn-success\" target=\"_self\" >Skaityti daugiau<\/a><\/div>\n<div class=\"pt-cv-meta-fields\"><span class=\"entry-date\"><span class=\"glyphicon glyphicon-calendar\"><\/span> <time datetime=\"2025-12-12T19:35:55+00:00\">December 12, 2025<\/time><\/span><\/div><\/div><\/div><\/div> <\/div> \t\t\t\t<\/div>\n\t\t\t\t<\/div>\n\t\t\t\t\t<\/div>\n\t\t\t\t<\/div>\n\t\t\t\t<\/div>","protected":false},"excerpt":{"rendered":"<p>Naujienos Sekite naujausius \u012fvykius, renginius ir istorijas i\u0161 Aleksoto bendruomen\u0117s centro. Aleksoto \u0161vent\u0117 &#8220;Bendruomeni\u0173 tiltai&#8221;\u00a0 Nuaid\u0117jo, nuvilnijo 24-oji Aleksoto \u0161vent\u0117 \u201eBendruomeni\u0173 tiltai\u201c, skirta Kauno bendruomeni\u0173 centr\u0173 asociacijos 20-me\u010diui, kuriai nuo &#8230; Skaityti daugiau March 10, 2025 Ma\u017eoji Aleksoto olimpiada Vykdydami SADM finansuojam\u0105 projekt\u0105 &#8222;Kartu su Aleksoto bendruomene&#8221; Aleksoto bendruomen\u0117s centras su partneriu &#8211; Prezidento &#8230;&#8230;<\/p>","protected":false},"author":1,"featured_media":0,"parent":0,"menu_order":0,"comment_status":"closed","ping_status":"closed","template":"","meta":{"_kad_post_transparent":"","_kad_post_title":"hide","_kad_post_layout":"fullwidth","_kad_post_sidebar_id":"","_kad_post_content_style":"unboxed","_kad_post_vertical_padding":"hide","_kad_post_feature":"hide","_kad_post_feature_position":"","_kad_post_header":false,"_kad_post_footer":false,"footnotes":""},"class_list":["post-39","page","type-page","status-publish","hentry"],"_links":{"self":[{"href":"https:\/\/aleksotas.lt\/en\/wp-json\/wp\/v2\/pages\/39","targetHints":{"allow":["GET"]}}],"collection":[{"href":"https:\/\/aleksotas.lt\/en\/wp-json\/wp\/v2\/pages"}],"about":[{"href":"https:\/\/aleksotas.lt\/en\/wp-json\/wp\/v2\/types\/page"}],"author":[{"embeddable":true,"href":"https:\/\/aleksotas.lt\/en\/wp-json\/wp\/v2\/users\/1"}],"replies":[{"embeddable":true,"href":"https:\/\/aleksotas.lt\/en\/wp-json\/wp\/v2\/comments?post=39"}],"version-history":[{"count":63,"href":"https:\/\/aleksotas.lt\/en\/wp-json\/wp\/v2\/pages\/39\/revisions"}],"predecessor-version":[{"id":239,"href":"https:\/\/aleksotas.lt\/en\/wp-json\/wp\/v2\/pages\/39\/revisions\/239"}],"wp:attachment":[{"href":"https:\/\/aleksotas.lt\/en\/wp-json\/wp\/v2\/media?parent=39"}],"curies":[{"name":"wp","href":"https:\/\/api.w.org\/{rel}","templated":true}]}}