{"id":270,"date":"2025-03-11T10:44:28","date_gmt":"2025-03-11T10:44:28","guid":{"rendered":"http:\/\/aleksotas.lt\/aleksotas_site\/?page_id=270"},"modified":"2025-03-11T11:01:26","modified_gmt":"2025-03-11T11:01:26","slug":"aleksoto-seniunija","status":"publish","type":"page","link":"https:\/\/aleksotas.lt\/en\/aleksoto-seniunija\/","title":{"rendered":"Aleksoto seni\u016bnija"},"content":{"rendered":"<div data-elementor-type=\"wp-page\" data-elementor-id=\"270\" class=\"elementor elementor-270\">\n\t\t\t\t<div class=\"elementor-element elementor-element-6208b2db e-flex e-con-boxed e-con e-parent\" data-id=\"6208b2db\" data-element_type=\"container\" data-settings=\"{&quot;background_background&quot;:&quot;gradient&quot;}\">\n\t\t\t\t\t<div class=\"e-con-inner\">\n\t\t<div class=\"elementor-element elementor-element-1b307dde e-con-full e-flex e-con e-child\" data-id=\"1b307dde\" data-element_type=\"container\">\n\t\t\t\t<div class=\"elementor-element elementor-element-520f8d6d elementor-widget elementor-widget-text-editor\" data-id=\"520f8d6d\" data-element_type=\"widget\" data-widget_type=\"text-editor.default\">\n\t\t\t\t<div class=\"elementor-widget-container\">\n\t\t\t\t\t\t\t\t\t<p>Aleksoto seni\u016bnija<\/p>\t\t\t\t\t\t\t\t<\/div>\n\t\t\t\t<\/div>\n\t\t\t\t<div class=\"elementor-element elementor-element-6984eeb6 elementor-widget elementor-widget-text-editor\" data-id=\"6984eeb6\" data-element_type=\"widget\" data-widget_type=\"text-editor.default\">\n\t\t\t\t<div class=\"elementor-widget-container\">\n\t\t\t\t\t\t\t\t\t<p>Aleksoto seni\u016bnija \u2013 tai Kauno miesto dalis kairiajame Nemuno krante, gars\u0117janti istoriniu Aleksoto tiltu, vaizdinga panorama nuo Aleksoto ap\u017evalgos aik\u0161tel\u0117s ir \u012fvairiapusi\u0161ka gyvenam\u0105ja bei pramonine aplinka.<\/p>\t\t\t\t\t\t\t\t<\/div>\n\t\t\t\t<\/div>\n\t\t\t\t<\/div>\n\t\t<div class=\"elementor-element elementor-element-78bef5ac e-con-full e-flex e-con e-child\" data-id=\"78bef5ac\" data-element_type=\"container\">\n\t\t\t\t<div class=\"elementor-element elementor-element-19d2247a elementor-widget elementor-widget-shortcode\" data-id=\"19d2247a\" data-element_type=\"widget\" data-widget_type=\"shortcode.default\">\n\t\t\t\t<div class=\"elementor-widget-container\">\n\t\t\t\t\t\t\t<div class=\"elementor-shortcode\"><\/div>\n\t\t\t\t\t\t<\/div>\n\t\t\t\t<\/div>\n\t\t\t\t<\/div>\n\t\t\t\t\t<\/div>\n\t\t\t\t<\/div>\n\t\t<div class=\"elementor-element elementor-element-d5d877b e-flex e-con-boxed e-con e-parent\" data-id=\"d5d877b\" data-element_type=\"container\">\n\t\t\t\t\t<div class=\"e-con-inner\">\n\t\t<div class=\"elementor-element elementor-element-8cd1111 e-con-full e-flex e-con e-child\" data-id=\"8cd1111\" data-element_type=\"container\">\n\t\t\t\t<div class=\"elementor-element elementor-element-1509461 elementor-widget elementor-widget-text-editor\" data-id=\"1509461\" data-element_type=\"widget\" data-widget_type=\"text-editor.default\">\n\t\t\t\t<div class=\"elementor-widget-container\">\n\t\t\t\t\t\t\t\t\t<p>Aleksoto seni\u016bnija apima pietvakarin\u0119 \u00a0Kauno miesto dal\u012f kairiajame Nemuno krante. J\u0105 sudaro Aleksoto, Fredos (\u017demosios ir Auk\u0161tosios),\u00a0 Julijanavos, Jiesios, Tirkili\u0161ki\u0173, Kazli\u0161ki\u0173, Yli\u0161ki\u0173, Linksmadvario, Marvel\u0117s bei I ir II Birut\u0117s dalys. Seni\u016bnija i\u0161sid\u0117s\u010diusi Nemuno sl\u0117nio auk\u0161tutin\u0117je ir \u017eemutin\u0117je terasose. Nuo kit\u0173 miesto dali\u0173 seni\u016bnija atskirta Nemuno upe ir Jiesios bei Marvel\u0117s upeliais su giliais sl\u0117niais. \u012e seni\u016bnij\u0105 i\u0161 kit\u0173 miesto dali\u0173 galima patekti Vytauto Did\u017eiojo, M.K. \u010ciurlionio, J. Radzinausko tiltais per Nemun\u0105 bei tiltu per Jiesi\u0105. Aleksoto pakra\u0161\u010diu eina Kauno-\u0160e\u0161tok\u0173 gele\u017einkelis bei Kauno tvirtov\u0117s gele\u017einkelis i\u0161 \u017d.Fredos \u012f auk\u0161tutin\u0119 teras\u0105.<\/p><p>Kauno miesto savivaldyb\u0117 2003 m. \u012fsteig\u0117 10 seni\u016bnij\u0173, viena i\u0161 j\u0173 \u2013 Aleksoto seni\u016bnija. Aleksoto seni\u016bne buvo i\u0161rinkta Liukrecija Navickien\u0117, vadovavusi seni\u016bnijai iki 2020 met\u0173.<\/p><p>\u0160iuo metu Aleksoto seni\u016bn\u0117 &#8211; Roberta Kuzmickien\u0117.<\/p><p>Seni\u016bnijos kontaktai: Veiveri\u0173 132, Kaunas, tel. 837 391418, e.pa\u0161tas\u00a0\u00a0<a href=\"mailto:liukrecija.navickiene@kaunas.lt\">roberta.kuzmickiene@kaunas.lt<\/a>, interneto svetain\u0117\u00a0<a href=\"http:\/\/aleksotas.kaunas.lt\/\">http:\/\/aleksotas.kaunas.lt<\/a>.\u00a0\u00a0<br \/><br \/>Aleksoto seni\u016bnija yra suskirstyta \u012f penkias seni\u016bnaitijas: Aleksoto, Birut\u0117s, Kazli\u0161ki\u0173, Fredos ir Marvel\u0117s.<\/p>\t\t\t\t\t\t\t\t<\/div>\n\t\t\t\t<\/div>\n\t\t\t\t<div class=\"elementor-element elementor-element-a89d654 elementor-widget elementor-widget-image\" data-id=\"a89d654\" data-element_type=\"widget\" data-widget_type=\"image.default\">\n\t\t\t\t<div class=\"elementor-widget-container\">\n\t\t\t\t\t\t\t\t\t\t\t\t\t\t\t<img fetchpriority=\"high\" decoding=\"async\" width=\"862\" height=\"654\" src=\"https:\/\/aleksotas.lt\/wp-content\/uploads\/2025\/03\/zemelapis1.jpg\" class=\"attachment-large size-large wp-image-277\" alt=\"\" srcset=\"https:\/\/aleksotas.lt\/wp-content\/uploads\/2025\/03\/zemelapis1.jpg 862w, https:\/\/aleksotas.lt\/wp-content\/uploads\/2025\/03\/zemelapis1-300x228.jpg 300w, https:\/\/aleksotas.lt\/wp-content\/uploads\/2025\/03\/zemelapis1-768x583.jpg 768w, https:\/\/aleksotas.lt\/wp-content\/uploads\/2025\/03\/zemelapis1-16x12.jpg 16w\" sizes=\"(max-width: 862px) 100vw, 862px\" \/>\t\t\t\t\t\t\t\t\t\t\t\t\t\t\t<\/div>\n\t\t\t\t<\/div>\n\t\t\t\t<div class=\"elementor-element elementor-element-0aa465d elementor-widget elementor-widget-text-editor\" data-id=\"0aa465d\" data-element_type=\"widget\" data-widget_type=\"text-editor.default\">\n\t\t\t\t<div class=\"elementor-widget-container\">\n\t\t\t\t\t\t\t\t\t<p><strong>2023 m.\u00a0<\/strong>ruden\u012f i\u0161rinkti naujos kadencijos seni\u016bnai\u010diai:<\/p><p>Aleksoto seni\u016bnaitis &#8211; Vytautas Samonis, tel. +370 64793170, e pa\u0161tas\u00a0<a href=\"mailto:ritjon@mail.ru\">vytautassamonis@gmail.com<\/a>\u00a0 \u00a0 \u00a0<\/p><p>Birut\u0117s seni\u016bnait\u0117 &#8211;\u00a0 Vilmant\u0117 Ku\u010dinskait\u0117 tel. +37060483222, e pa\u0161tas\u00a0\u00a0<a href=\"mailto:jupeja1964@gmail.com\">vilmantekuc@gmail.com<\/a>\u00a0<\/p><p>\u00a0\u00a0Fredos seni\u016bnaitis &#8211;\u00a0Tomas Makarevi\u010dius, tel. +370 692 44469,\u00a0 e pa\u0161tas\u00a0<a href=\"mailto:freda.seniunaitija@gmail.com\">freda.seniunaitija@gmail.com<\/a>\u00a0\u00a0\u00a0\u00a0\u00a0\u00a0\u00a0\u00a0\u00a0\u00a0\u00a0\u00a0\u00a0\u00a0\u00a0\u00a0 \u00a0\u00a0\u00a0<\/p><p>Kazli\u0161ki\u0173 seni\u016bnait\u0117 &#8211; Gintar\u0117 Pa\u017e\u0117rien\u0117, e.pa\u0161tas\u00a0<a href=\"mailto:pazeriene@gmail.com\">pazeriene@gmail.com<\/a><\/p><p>Marvel\u0117s seni\u016bnaitis nei\u0161rinktas<br \/><br \/><\/p><p><strong>Dar apie Aleksot\u0105&#8230;<\/strong><\/p><p>Aleksoto seni\u016bnijos teritorija 24 kv. km, tai sudaro 15,3% \u00a0Kauno miesto teritorijos. Gyventoj\u0173 skai\u010dius 20000, tai sudaro 6,4% Kauno miesto gyventoj\u0173. Aleksotas &#8211; verslo, mokslo, kult\u016bros ir rekreacijos centras, patogus gyvenamasis rajonas, komercini\u0173 objekt\u0173 vieta. Aleksoto strukt\u016bra monofunkcin\u0117: did\u017eiausia dalis u\u017estatyta ma\u017eaauk\u0161\u010diais gyv. namais, nedidel\u0117 dalis &#8211; daugiaauk\u0161\u010diais gyv. namais (i\u0161siskiria naujasis \u201eFredos miestelis\u201c). Aleksote yra kult\u016brin\u0117s &#8211; rekreacin\u0117s teritorijos: VDU Kauno botanikos sodas, Naugardi\u0161ki\u0173, Antakalnio parkai, Marvel\u0117s up\u0117s sl\u0117nis, Linksmadvario skveras su tvenkiniu ir liaudies menininko A. Kulie\u0161os skulpt\u016bromis. Aleksoto teritorijoje yra \u017eyd\u0173 kapin\u0117s H. ir O. Minkovski\u0173 g, Seniavos kapin\u0117s, rus\u0173 karo belaisvi\u0173 bei senosios Aleksoto ir Fredos kapinait\u0117s.<\/p><p>\u00a0<\/p><p>VDU padaliniai \u2013 Muzikos akademija ir Kauno botanikos sodas, Divizijos generolo \u00a0S. Ra\u0161tikio \u00a0kariuomen\u0117s mokykla, 2 vidurin\u0117s mokyklos, 1 pradin\u0117 mokykla, 4 vaik\u0173 dar\u017eeliai, 3 pirmin\u0117s sveikatos prie\u017ei\u016bros centrai, 4 &#8211; V. Kudirkos bibliotekos filialai, katalik\u0173 \u0160v. Kazimiero ba\u017eny\u010dia, 2 vienuolynai &#8211; \u0160v. J\u0117zaus \u0161irdies seser\u0173 kongregacijos ir \u0160v. El\u017ebietos seser\u0173.<\/p><p>\u00a0<\/p><p><strong>Aleksoto aerodromas<\/strong>\u00a0&#8211; S.Dariaus ir S.Gir\u0117no aerodromas \u2013 seniausias veikiantis aerodromas Lietuvoje ir vienas seniausi\u0173 Ryt\u0173 Europoje, \u012fkurtas 1915 m.<\/p><p>Seni\u016bnijoje yra nema\u017eai patraukli\u0173 turistini\u0173 objekt\u0173. Tai VDU Kauno botanikos sodas, Aviacijos muziejus, Aleksoto funikulierius ir ap\u017evalgos aik\u0161tel\u0117 su puikia panorama \u012f senamiest\u012f, Jiesios piliakalnis (Napoleono kalnas), Jiesios ir\u00a0 Marvel\u0117s upeliai su nuostabiais \u0161laitais ir sl\u0117niais, carin\u0117s Rusijos laik\u0173 Kauno tvirtov\u0117s II fortas ir kiti pastatai bei gele\u017einkelis, vingiuojantis Aleksoto \u0161laitais.<\/p><p>Prie visuomenin\u0117s veiklos aktyviai prisideda Jurgio Dobkevi\u010diaus progimnazijos bei Prezidento Valdo Adamkaus gimnazijos mokiniai ir mokytojai. Renginiuose ir \u012fvairiose akcijose aktyviai dalyvauja ma\u017eieji m\u016bs\u0173 gyventojai, pedagogai ir t\u0117veliai: Tirkili\u0161ki\u0173 pradin\u0117 mokykla, lop\u0161elis-dar\u017eelis \u201eBoru\u017e\u0117l\u0117\u201c, Tirkili\u0161ki\u0173 lop\u0161elis-dar\u017eelis, 36-asis vaik\u0173 dar\u017eelis, \u201eAleksoto\u201c vaik\u0173 dar\u017eelis. Daugelis rengini\u0173 ne\u012fsivaizduojami be VDU muzikos akademijos ir Divizijos generolo Stasio Ra\u0161tikio Lietuvos kariuomen\u0117s mokyklos pagalbos.<\/p><p>Aleksoto seni\u016bnijoje yra apie 1000 \u012fmoni\u0173.<\/p><p>Artimiausi seni\u016bnijos pagalbininkai ir r\u0117m\u0117jai UAB \u201ePo\u017eeminiai darbai\u201c, UAB \u201eAutosabina\u201c, UAB \u201eBoslita ir Ko\u201c, UAB \u201eLi\u016btukas ir Ko\u201c, UAB \u201eDana ir Ko\u201c, Elitos Armanavi\u010dien\u0117s \u012fmon\u0117 \u201eKvietainis\u201c, Rimut\u0117s Povilaitien\u0117s individuali \u012fmon\u0117, Onos Ribakovien\u0117s \u012fmon\u0117 ir kt.<\/p><p>Aleksoto seni\u016bnija d\u0117koja visiems pagalbininkams &#8211; aktyviems bendruomenini\u0173 organizacij\u0173 nariams, kuri\u0173 d\u0117ka Aleksotas tampa \u0161varesnis, saugesnis ir \u012fdomesnis.\u00a0<\/p><p>Aleksoto seni\u016bnija gali d\u017eiaugtis aktyvia bendruomenine veikla, \u010dia veikia septyni bendruomeni\u0173 centrai:\u00a0<a href=\"http:\/\/aleksotas.lt\/en\/pages\/aleksoto_bendruomenes_centras\/\">Aleksoto<\/a>,\u00a0<a href=\"http:\/\/aleksotas.lt\/en\/pages\/naugardiskiu_bendruomene\/\">Naugardi\u0161ki\u0173<\/a>,\u00a0<a href=\"http:\/\/aleksotas.lt\/en\/pages\/marveles_bendruomenes_centras\/\">Marvel\u0117s<\/a>, Narsie\u010di\u0173, asociacija, Jiesios ir T.Ivanausko gatv\u0117s bendruomen\u0117s.<\/p>\t\t\t\t\t\t\t\t<\/div>\n\t\t\t\t<\/div>\n\t\t\t\t<\/div>\n\t\t<div class=\"elementor-element elementor-element-12b6229 e-con-full e-flex e-con e-child\" data-id=\"12b6229\" data-element_type=\"container\">\n\t\t\t\t<div class=\"elementor-element elementor-element-6fe83e3 elementor-widget elementor-widget-image\" data-id=\"6fe83e3\" data-element_type=\"widget\" data-widget_type=\"image.default\">\n\t\t\t\t<div class=\"elementor-widget-container\">\n\t\t\t\t\t\t\t\t\t\t\t\t\t\t\t<img decoding=\"async\" width=\"230\" height=\"300\" src=\"https:\/\/aleksotas.lt\/wp-content\/uploads\/2025\/03\/ALEKSOTO_ENKLASfinal-230x300.jpg\" class=\"attachment-medium size-medium wp-image-276\" alt=\"\" srcset=\"https:\/\/aleksotas.lt\/wp-content\/uploads\/2025\/03\/ALEKSOTO_ENKLASfinal-230x300.jpg 230w, https:\/\/aleksotas.lt\/wp-content\/uploads\/2025\/03\/ALEKSOTO_ENKLASfinal-784x1024.jpg 784w, https:\/\/aleksotas.lt\/wp-content\/uploads\/2025\/03\/ALEKSOTO_ENKLASfinal-768x1003.jpg 768w, https:\/\/aleksotas.lt\/wp-content\/uploads\/2025\/03\/ALEKSOTO_ENKLASfinal-9x12.jpg 9w, https:\/\/aleksotas.lt\/wp-content\/uploads\/2025\/03\/ALEKSOTO_ENKLASfinal.jpg 1103w\" sizes=\"(max-width: 230px) 100vw, 230px\" \/>\t\t\t\t\t\t\t\t\t\t\t\t\t\t\t<\/div>\n\t\t\t\t<\/div>\n\t\t\t\t<\/div>\n\t\t\t\t\t<\/div>\n\t\t\t\t<\/div>\n\t\t\t\t<\/div>","protected":false},"excerpt":{"rendered":"<p>Aleksoto seni\u016bnija Aleksoto seni\u016bnija \u2013 tai Kauno miesto dalis kairiajame Nemuno krante, gars\u0117janti istoriniu Aleksoto tiltu, vaizdinga panorama nuo Aleksoto ap\u017evalgos aik\u0161tel\u0117s ir \u012fvairiapusi\u0161ka gyvenam\u0105ja bei pramonine aplinka. Aleksoto seni\u016bnija apima pietvakarin\u0119 \u00a0Kauno miesto dal\u012f kairiajame Nemuno krante. J\u0105 sudaro Aleksoto, Fredos (\u017demosios ir Auk\u0161tosios),\u00a0 Julijanavos, Jiesios, Tirkili\u0161ki\u0173, Kazli\u0161ki\u0173, Yli\u0161ki\u0173, Linksmadvario, Marvel\u0117s bei I ir&#8230;<\/p>","protected":false},"author":1,"featured_media":0,"parent":0,"menu_order":0,"comment_status":"closed","ping_status":"closed","template":"","meta":{"_kad_post_transparent":"","_kad_post_title":"hide","_kad_post_layout":"fullwidth","_kad_post_sidebar_id":"","_kad_post_content_style":"unboxed","_kad_post_vertical_padding":"hide","_kad_post_feature":"hide","_kad_post_feature_position":"","_kad_post_header":false,"_kad_post_footer":false,"footnotes":""},"class_list":["post-270","page","type-page","status-publish","hentry"],"_links":{"self":[{"href":"https:\/\/aleksotas.lt\/en\/wp-json\/wp\/v2\/pages\/270","targetHints":{"allow":["GET"]}}],"collection":[{"href":"https:\/\/aleksotas.lt\/en\/wp-json\/wp\/v2\/pages"}],"about":[{"href":"https:\/\/aleksotas.lt\/en\/wp-json\/wp\/v2\/types\/page"}],"author":[{"embeddable":true,"href":"https:\/\/aleksotas.lt\/en\/wp-json\/wp\/v2\/users\/1"}],"replies":[{"embeddable":true,"href":"https:\/\/aleksotas.lt\/en\/wp-json\/wp\/v2\/comments?post=270"}],"version-history":[{"count":13,"href":"https:\/\/aleksotas.lt\/en\/wp-json\/wp\/v2\/pages\/270\/revisions"}],"predecessor-version":[{"id":287,"href":"https:\/\/aleksotas.lt\/en\/wp-json\/wp\/v2\/pages\/270\/revisions\/287"}],"wp:attachment":[{"href":"https:\/\/aleksotas.lt\/en\/wp-json\/wp\/v2\/media?parent=270"}],"curies":[{"name":"wp","href":"https:\/\/api.w.org\/{rel}","templated":true}]}}