{"id":100,"date":"2025-03-09T19:43:23","date_gmt":"2025-03-09T19:43:23","guid":{"rendered":"http:\/\/aleksotas.lt\/aleksotas_site\/?page_id=100"},"modified":"2025-07-07T07:10:04","modified_gmt":"2025-07-07T07:10:04","slug":"kontaktai","status":"publish","type":"page","link":"https:\/\/aleksotas.lt\/en\/kontaktai\/","title":{"rendered":"Kontaktai"},"content":{"rendered":"<div data-elementor-type=\"wp-page\" data-elementor-id=\"100\" class=\"elementor elementor-100\">\n\t\t\t\t<div class=\"elementor-element elementor-element-1362f4ae e-flex e-con-boxed e-con e-parent\" data-id=\"1362f4ae\" data-element_type=\"container\" data-settings=\"{&quot;background_background&quot;:&quot;gradient&quot;}\">\n\t\t\t\t\t<div class=\"e-con-inner\">\n\t\t<div class=\"elementor-element elementor-element-4efadfc6 e-con-full e-flex e-con e-child\" data-id=\"4efadfc6\" data-element_type=\"container\">\n\t\t\t\t<div class=\"elementor-element elementor-element-52cacdc6 elementor-widget elementor-widget-text-editor\" data-id=\"52cacdc6\" data-element_type=\"widget\" data-widget_type=\"text-editor.default\">\n\t\t\t\t<div class=\"elementor-widget-container\">\n\t\t\t\t\t\t\t\t\t<p>Kontaktai<\/p>\t\t\t\t\t\t\t\t<\/div>\n\t\t\t\t<\/div>\n\t\t\t\t<div class=\"elementor-element elementor-element-278d09f6 elementor-widget elementor-widget-text-editor\" data-id=\"278d09f6\" data-element_type=\"widget\" data-widget_type=\"text-editor.default\">\n\t\t\t\t<div class=\"elementor-widget-container\">\n\t\t\t\t\t\t\t\t\t<p>Susiekite su mumis.<\/p>\t\t\t\t\t\t\t\t<\/div>\n\t\t\t\t<\/div>\n\t\t\t\t<\/div>\n\t\t<div class=\"elementor-element elementor-element-33e52e6c e-con-full e-flex e-con e-child\" data-id=\"33e52e6c\" data-element_type=\"container\">\n\t\t\t\t<div class=\"elementor-element elementor-element-1b12f4e7 elementor-widget elementor-widget-shortcode\" data-id=\"1b12f4e7\" data-element_type=\"widget\" data-widget_type=\"shortcode.default\">\n\t\t\t\t<div class=\"elementor-widget-container\">\n\t\t\t\t\t\t\t<div class=\"elementor-shortcode\"><\/div>\n\t\t\t\t\t\t<\/div>\n\t\t\t\t<\/div>\n\t\t\t\t<\/div>\n\t\t\t\t\t<\/div>\n\t\t\t\t<\/div>\n\t\t<div class=\"elementor-element elementor-element-6e718f8 e-flex e-con-boxed e-con e-parent\" data-id=\"6e718f8\" data-element_type=\"container\">\n\t\t\t\t\t<div class=\"e-con-inner\">\n\t\t<div class=\"elementor-element elementor-element-822f76e e-con-full e-flex e-con e-child\" data-id=\"822f76e\" data-element_type=\"container\">\n\t\t\t\t<div class=\"elementor-element elementor-element-1ed9811 elementor-widget elementor-widget-text-editor\" data-id=\"1ed9811\" data-element_type=\"widget\" data-widget_type=\"text-editor.default\">\n\t\t\t\t<div class=\"elementor-widget-container\">\n\t\t\t\t\t\t\t\t\t<p><h3><strong>Aleksoto bendruomen\u0117s centras<\/strong><\/h3>Veiveri\u0173 132, Kaunas<br>\u012emon\u0117s kodas: 135892058<\/p>\t\t\t\t\t\t\t\t<\/div>\n\t\t\t\t<\/div>\n\t\t\t\t<\/div>\n\t\t<div class=\"elementor-element elementor-element-e87b518 e-con-full e-flex e-con e-child\" data-id=\"e87b518\" data-element_type=\"container\">\n\t\t\t\t<div class=\"elementor-element elementor-element-9ccf29c elementor-position-top elementor-widget elementor-widget-image-box\" data-id=\"9ccf29c\" data-element_type=\"widget\" data-widget_type=\"image-box.default\">\n\t\t\t\t<div class=\"elementor-widget-container\">\n\t\t\t\t\t<div class=\"elementor-image-box-wrapper\"><figure class=\"elementor-image-box-img\"><img fetchpriority=\"high\" decoding=\"async\" width=\"1703\" height=\"2560\" src=\"https:\/\/aleksotas.lt\/wp-content\/uploads\/2025\/07\/knygute-foto-scaled.jpg\" class=\"attachment-full size-full wp-image-997\" alt=\"\" srcset=\"https:\/\/aleksotas.lt\/wp-content\/uploads\/2025\/07\/knygute-foto-scaled.jpg 1703w, https:\/\/aleksotas.lt\/wp-content\/uploads\/2025\/07\/knygute-foto-200x300.jpg 200w, https:\/\/aleksotas.lt\/wp-content\/uploads\/2025\/07\/knygute-foto-681x1024.jpg 681w, https:\/\/aleksotas.lt\/wp-content\/uploads\/2025\/07\/knygute-foto-768x1154.jpg 768w, https:\/\/aleksotas.lt\/wp-content\/uploads\/2025\/07\/knygute-foto-1022x1536.jpg 1022w, https:\/\/aleksotas.lt\/wp-content\/uploads\/2025\/07\/knygute-foto-1362x2048.jpg 1362w, https:\/\/aleksotas.lt\/wp-content\/uploads\/2025\/07\/knygute-foto-8x12.jpg 8w\" sizes=\"(max-width: 1703px) 100vw, 1703px\" \/><\/figure><div class=\"elementor-image-box-content\"><h3 class=\"elementor-image-box-title\">Valdybos pirminink\u0117 Steput\u0117 Ra\u010dkauskien\u0117 <\/h3><p class=\"elementor-image-box-description\"><b>Tel. nr.:<\/b> 0 670 85882 <br><b>El. pa\u0161tas:<\/b>  aleksotobendruomene@gmail.com<\/p><\/div><\/div>\t\t\t\t<\/div>\n\t\t\t\t<\/div>\n\t\t\t\t<\/div>\n\t\t\t\t\t<\/div>\n\t\t\t\t<\/div>\n\t\t\t\t<\/div>","protected":false},"excerpt":{"rendered":"<p>Kontaktai Susiekite su mumis. Aleksoto bendruomen\u0117s centras Veiveri\u0173 132, Kaunas\u012emon\u0117s kodas: 135892058 Valdybos pirminink\u0117 Steput\u0117 Ra\u010dkauskien\u0117 Tel. nr.: 0 670 85882 El. pa\u0161tas: aleksotobendruomene@gmail.com<\/p>","protected":false},"author":1,"featured_media":0,"parent":0,"menu_order":0,"comment_status":"closed","ping_status":"closed","template":"","meta":{"_kad_post_transparent":"","_kad_post_title":"hide","_kad_post_layout":"fullwidth","_kad_post_sidebar_id":"","_kad_post_content_style":"unboxed","_kad_post_vertical_padding":"hide","_kad_post_feature":"hide","_kad_post_feature_position":"","_kad_post_header":false,"_kad_post_footer":false,"footnotes":""},"class_list":["post-100","page","type-page","status-publish","hentry"],"_links":{"self":[{"href":"https:\/\/aleksotas.lt\/en\/wp-json\/wp\/v2\/pages\/100","targetHints":{"allow":["GET"]}}],"collection":[{"href":"https:\/\/aleksotas.lt\/en\/wp-json\/wp\/v2\/pages"}],"about":[{"href":"https:\/\/aleksotas.lt\/en\/wp-json\/wp\/v2\/types\/page"}],"author":[{"embeddable":true,"href":"https:\/\/aleksotas.lt\/en\/wp-json\/wp\/v2\/users\/1"}],"replies":[{"embeddable":true,"href":"https:\/\/aleksotas.lt\/en\/wp-json\/wp\/v2\/comments?post=100"}],"version-history":[{"count":16,"href":"https:\/\/aleksotas.lt\/en\/wp-json\/wp\/v2\/pages\/100\/revisions"}],"predecessor-version":[{"id":1000,"href":"https:\/\/aleksotas.lt\/en\/wp-json\/wp\/v2\/pages\/100\/revisions\/1000"}],"wp:attachment":[{"href":"https:\/\/aleksotas.lt\/en\/wp-json\/wp\/v2\/media?parent=100"}],"curies":[{"name":"wp","href":"https:\/\/api.w.org\/{rel}","templated":true}]}}